{"id":1290,"date":"2025-06-02T19:02:24","date_gmt":"2025-06-02T19:02:24","guid":{"rendered":"https:\/\/chamandyfoundation.org\/politique-de-confidentialite\/"},"modified":"2025-09-16T20:25:42","modified_gmt":"2025-09-16T20:25:42","slug":"politique-de-confidentialite","status":"publish","type":"page","link":"https:\/\/chamandyfoundation.org\/fr\/politique-de-confidentialite\/","title":{"rendered":"Politique de confidentialit\u00e9"},"content":{"rendered":"\n<section class=\"wp-block-group alignfull hero_small padding_x is-layout-flow wp-block-group-is-layout-flow\">\n<div class=\"wp-block-columns hero_columns is-layout-flex wp-container-core-columns-is-layout-28f84493 wp-block-columns-is-layout-flex\">\n<div class=\"wp-block-column is-vertically-aligned-center right is-layout-flow wp-block-column-is-layout-flow\" style=\"flex-basis:50%\">\n<div style=\"height:2.4rem\" aria-hidden=\"true\" class=\"wp-block-spacer\"><\/div>\n\n\n\n<h1 class=\"wp-block-heading has-text-align-left has-nuit-color has-text-color has-link-color wp-elements-3780b801501a17c754c7a9db22b666fd\">Politique de confidentialit\u00e9<\/h1>\n<\/div>\n\n\n\n<div class=\"wp-block-column is-vertically-aligned-top left is-layout-flow wp-block-column-is-layout-flow\" style=\"flex-basis:50%\">\n<figure class=\"wp-block-image size-large image-fixed-animation\"><img loading=\"lazy\" decoding=\"async\" width=\"989\" height=\"1024\" src=\"https:\/\/chamandyfoundation.org\/wp-content\/uploads\/2025\/06\/hero_image-989x1024.png\" alt=\"\" class=\"wp-image-119\" srcset=\"https:\/\/chamandyfoundation.org\/wp-content\/uploads\/2025\/06\/hero_image-989x1024.png 989w, https:\/\/chamandyfoundation.org\/wp-content\/uploads\/2025\/06\/hero_image-290x300.png 290w, https:\/\/chamandyfoundation.org\/wp-content\/uploads\/2025\/06\/hero_image-768x795.png 768w, https:\/\/chamandyfoundation.org\/wp-content\/uploads\/2025\/06\/hero_image.png 994w\" sizes=\"auto, (max-width: 989px) 100vw, 989px\" \/><\/figure>\n<\/div>\n<\/div>\n<\/section>\n\n\n\n<section class=\"wp-block-group alignfull colors is-layout-flow wp-block-group-is-layout-flow\">\n<div class=\"wp-block-columns alignfull is-not-stacked-on-mobile barre_colors is-layout-flex wp-container-core-columns-is-layout-28f84493 wp-block-columns-is-layout-flex\">\n<div class=\"wp-block-column has-bleu-background-color has-background is-layout-flow wp-block-column-is-layout-flow\" style=\"flex-basis:25%\">\n<div class=\"wp-block-group is-layout-constrained wp-block-group-is-layout-constrained\"><\/div>\n<\/div>\n\n\n\n<div class=\"wp-block-column has-ocean-background-color has-background is-layout-flow wp-block-column-is-layout-flow\" style=\"flex-basis:25%\"><\/div>\n\n\n\n<div class=\"wp-block-column has-vert-background-color has-background is-layout-flow wp-block-column-is-layout-flow\" style=\"flex-basis:25%\"><\/div>\n\n\n\n<div class=\"wp-block-column has-ciel-background-color has-background is-layout-flow wp-block-column-is-layout-flow\" style=\"flex-basis:25%\"><\/div>\n<\/div>\n<\/section>\n\n\n\n<div class=\"wp-block-group alignfull padding_general has-blanc-background-color has-background is-layout-flow wp-block-group-is-layout-flow\">\n<h2 class=\"wp-block-heading has-nuit-color has-text-color has-link-color wp-elements-c5df862f2eb5c4100de911f99b18cd47\">Qui nous sommes<\/h2>\n\n\n\n<div style=\"height:1rem\" aria-hidden=\"true\" class=\"wp-block-spacer\"><\/div>\n\n\n\n<p>L\u2019adresse de notre site web est : <a href=\"https:\/\/chamandyfoundation.org?utm_source=chatgpt.com\">https:\/\/chamandyfoundation.org<\/a><\/p>\n\n\n\n<div style=\"height:4rem\" aria-hidden=\"true\" class=\"wp-block-spacer\"><\/div>\n\n\n\n<h2 class=\"wp-block-heading has-nuit-color has-text-color has-link-color wp-elements-c6e98ee68734a245fb3445b527f66e06\">Commentaires<\/h2>\n\n\n\n<div style=\"height:1rem\" aria-hidden=\"true\" class=\"wp-block-spacer\"><\/div>\n\n\n\n<p>Lorsque les visiteurs laissent un commentaire sur le site, nous recueillons les donn\u00e9es affich\u00e9es dans le formulaire de commentaire ainsi que l\u2019adresse IP et l\u2019agent utilisateur du navigateur afin d\u2019aider \u00e0 la d\u00e9tection du courrier ind\u00e9sirable (spam).<\/p>\n\n\n\n<p>Une cha\u00eene anonymis\u00e9e cr\u00e9\u00e9e \u00e0 partir de votre adresse courriel (appel\u00e9e \u00ab hash \u00bb) peut \u00eatre fournie au service Gravatar pour v\u00e9rifier si vous l\u2019utilisez. La politique de confidentialit\u00e9 de Gravatar est disponible ici : <a href=\"https:\/\/automattic.com\/privacy\/?utm_source=chatgpt.com\">https:\/\/automattic.com\/privacy\/<\/a>. Apr\u00e8s approbation de votre commentaire, votre photo de profil sera visible au public dans le contexte de ce commentaire.<\/p>\n\n\n\n<div style=\"height:4rem\" aria-hidden=\"true\" class=\"wp-block-spacer\"><\/div>\n\n\n\n<h2 class=\"wp-block-heading has-nuit-color has-text-color has-link-color wp-elements-6ad56d20eb0df7740b06635c6e921a5d\">M\u00e9dias<\/h2>\n\n\n\n<div style=\"height:1rem\" aria-hidden=\"true\" class=\"wp-block-spacer\"><\/div>\n\n\n\n<p>Si vous t\u00e9l\u00e9versez des images sur le site, \u00e9vitez d\u2019inclure des donn\u00e9es de localisation int\u00e9gr\u00e9es (EXIF GPS). Les visiteurs du site peuvent t\u00e9l\u00e9charger et extraire les donn\u00e9es de localisation contenues dans ces images.<\/p>\n\n\n\n<div style=\"height:4rem\" aria-hidden=\"true\" class=\"wp-block-spacer\"><\/div>\n\n\n\n<h2 class=\"wp-block-heading has-nuit-color has-text-color has-link-color wp-elements-a302e905235a39352807dcc13d3a29c2\">T\u00e9moins (\u00ab\u00a0Cookies\u00a0\u00bb)<\/h2>\n\n\n\n<div style=\"height:1rem\" aria-hidden=\"true\" class=\"wp-block-spacer\"><\/div>\n\n\n\n<p>Si vous laissez un commentaire sur notre site, vous pouvez choisir d\u2019enregistrer votre nom, votre adresse courriel et votre site web dans des t\u00e9moins pour plus de commodit\u00e9, afin de ne pas avoir \u00e0 ressaisir vos informations lors de vos prochains commentaires. Ces t\u00e9moins expirent apr\u00e8s un an.<\/p>\n\n\n\n<p>Si vous visitez notre page de connexion, un t\u00e9moin temporaire sera cr\u00e9\u00e9 pour d\u00e9terminer si votre navigateur accepte les t\u00e9moins. Il ne contient aucune donn\u00e9e personnelle et sera supprim\u00e9 \u00e0 la fermeture de votre navigateur.<\/p>\n\n\n\n<p>Lorsque vous vous connectez, plusieurs t\u00e9moins seront install\u00e9s pour enregistrer vos informations de connexion et vos pr\u00e9f\u00e9rences d\u2019affichage. Les t\u00e9moins de connexion durent deux jours et ceux li\u00e9s \u00e0 l\u2019affichage un an. Si vous s\u00e9lectionnez \u00ab Se souvenir de moi \u00bb, votre connexion restera active pendant deux semaines. En vous d\u00e9connectant, les t\u00e9moins de connexion seront supprim\u00e9s.<\/p>\n\n\n\n<p>Si vous modifiez ou publiez un article, un t\u00e9moin suppl\u00e9mentaire sera enregistr\u00e9 dans votre navigateur. Il ne contient aucune donn\u00e9e personnelle et indique simplement l\u2019ID de l\u2019article que vous venez de modifier. Il expire apr\u00e8s un jour.<\/p>\n\n\n\n<div style=\"height:4rem\" aria-hidden=\"true\" class=\"wp-block-spacer\"><\/div>\n\n\n\n<h2 class=\"wp-block-heading has-nuit-color has-text-color has-link-color wp-elements-dc4cbcc9141400379ee808859bc6a195\"><strong>Contenu int\u00e9gr\u00e9 provenant d\u2019autres sites<\/strong><\/h2>\n\n\n\n<div style=\"height:1rem\" aria-hidden=\"true\" class=\"wp-block-spacer\"><\/div>\n\n\n\n<p>Les articles de ce site peuvent inclure du contenu int\u00e9gr\u00e9 (vid\u00e9os, images, articles, etc.). Le contenu int\u00e9gr\u00e9 d\u2019autres sites se comporte de la m\u00eame mani\u00e8re que si le visiteur consultait directement ces autres sites.<br>Ces sites peuvent recueillir des donn\u00e9es vous concernant, utiliser des t\u00e9moins, int\u00e9grer un suivi tiers suppl\u00e9mentaire et surveiller vos interactions avec ce contenu int\u00e9gr\u00e9, y compris si vous avez un compte et \u00eates connect\u00e9 \u00e0 ce site tiers.<\/p>\n\n\n\n<div style=\"height:4rem\" aria-hidden=\"true\" class=\"wp-block-spacer\"><\/div>\n\n\n\n<h2 class=\"wp-block-heading has-nuit-color has-text-color has-link-color wp-elements-4a545b6c3264edffa7db18fb8f2201ee\"><strong>Avec qui nous partageons vos donn\u00e9es<\/strong><\/h2>\n\n\n\n<div style=\"height:1rem\" aria-hidden=\"true\" class=\"wp-block-spacer\"><\/div>\n\n\n\n<p>Si vous demandez une r\u00e9initialisation de mot de passe, votre adresse IP sera incluse dans le courriel de r\u00e9initialisation.<\/p>\n\n\n\n<div style=\"height:4rem\" aria-hidden=\"true\" class=\"wp-block-spacer\"><\/div>\n\n\n\n<h2 class=\"wp-block-heading has-nuit-color has-text-color has-link-color wp-elements-ee37287a2891e889dc70d20658f554d6\"><strong>Dur\u00e9e de conservation de vos donn\u00e9es<\/strong><\/h2>\n\n\n\n<div style=\"height:1rem\" aria-hidden=\"true\" class=\"wp-block-spacer\"><\/div>\n\n\n\n<p>Si vous laissez un commentaire, celui-ci et ses m\u00e9tadonn\u00e9es sont conserv\u00e9s ind\u00e9finiment pour reconna\u00eetre et approuver automatiquement les commentaires suivants au lieu de les placer en file de mod\u00e9ration.<\/p>\n\n\n\n<p>Pour les utilisateurs qui s\u2019inscrivent sur notre site (le cas \u00e9ch\u00e9ant), nous stockons \u00e9galement les informations personnelles fournies dans leur profil. Tous les utilisateurs peuvent voir, modifier ou supprimer leurs informations personnelles \u00e0 tout moment (sauf leur nom d\u2019utilisateur). Les administrateurs du site peuvent aussi voir et modifier ces informations.<\/p>\n\n\n\n<div style=\"height:4rem\" aria-hidden=\"true\" class=\"wp-block-spacer\"><\/div>\n\n\n\n<h2 class=\"wp-block-heading has-nuit-color has-text-color has-link-color wp-elements-5f19701c348c1abf1fa9d57474951c9c\"><strong>Vos droits sur vos donn\u00e9es<\/strong><\/h2>\n\n\n\n<div style=\"height:1rem\" aria-hidden=\"true\" class=\"wp-block-spacer\"><\/div>\n\n\n\n<p>Si vous avez un compte sur ce site ou si vous avez laiss\u00e9 des commentaires, vous pouvez demander \u00e0 recevoir un fichier export\u00e9 des donn\u00e9es personnelles que nous d\u00e9tenons \u00e0 votre sujet, y compris celles que vous nous avez fournies. Vous pouvez aussi demander la suppression de vos donn\u00e9es personnelles. Cela n\u2019inclut pas les donn\u00e9es que nous devons conserver pour des raisons administratives, l\u00e9gales ou de s\u00e9curit\u00e9.<br><\/p>\n\n\n\n<div style=\"height:4rem\" aria-hidden=\"true\" class=\"wp-block-spacer\"><\/div>\n\n\n\n<h2 class=\"wp-block-heading has-nuit-color has-text-color has-link-color wp-elements-e740c2f69d6e703cbfcf33110c1b92ad\"><strong>O\u00f9 vos donn\u00e9es sont envoy\u00e9es<\/strong><\/h2>\n\n\n\n<div style=\"height:1rem\" aria-hidden=\"true\" class=\"wp-block-spacer\"><\/div>\n\n\n\n<p>Les commentaires des visiteurs peuvent \u00eatre v\u00e9rifi\u00e9s par un service automatis\u00e9 de d\u00e9tection de spam.<\/p>\n<\/div>\n","protected":false},"excerpt":{"rendered":"<p>Politique de confidentialit\u00e9 Qui nous sommes L\u2019adresse de notre site web est : https:\/\/chamandyfoundation.org Commentaires Lorsque les visiteurs laissent un commentaire sur le site, nous recueillons les donn\u00e9es affich\u00e9es dans le formulaire de commentaire ainsi que l\u2019adresse IP et l\u2019agent utilisateur du navigateur afin d\u2019aider \u00e0 la d\u00e9tection du courrier ind\u00e9sirable (spam). Une cha\u00eene anonymis\u00e9e [&hellip;]<\/p>\n","protected":false},"author":1,"featured_media":0,"parent":0,"menu_order":0,"comment_status":"closed","ping_status":"open","template":"","meta":{"_acf_changed":false,"inline_featured_image":false,"footnotes":""},"class_list":["post-1290","page","type-page","status-publish","hentry"],"acf":[],"yoast_head":"<!-- This site is optimized with the Yoast SEO plugin v27.2 - https:\/\/yoast.com\/product\/yoast-seo-wordpress\/ -->\n<title>Politique de confidentialit\u00e9 | Chamandy Foundation<\/title>\n<meta name=\"robots\" content=\"index, follow, max-snippet:-1, max-image-preview:large, max-video-preview:-1\" \/>\n<link rel=\"canonical\" href=\"https:\/\/chamandyfoundation.org\/fr\/politique-de-confidentialite\/\" \/>\n<meta property=\"og:locale\" content=\"fr_FR\" \/>\n<meta property=\"og:type\" content=\"article\" \/>\n<meta property=\"og:title\" content=\"Politique de confidentialit\u00e9 | Chamandy Foundation\" \/>\n<meta property=\"og:description\" content=\"Politique de confidentialit\u00e9 Qui nous sommes L\u2019adresse de notre site web est : https:\/\/chamandyfoundation.org Commentaires Lorsque les visiteurs laissent un commentaire sur le site, nous recueillons les donn\u00e9es affich\u00e9es dans le formulaire de commentaire ainsi que l\u2019adresse IP et l\u2019agent utilisateur du navigateur afin d\u2019aider \u00e0 la d\u00e9tection du courrier ind\u00e9sirable (spam). Une cha\u00eene anonymis\u00e9e [&hellip;]\" \/>\n<meta property=\"og:url\" content=\"https:\/\/chamandyfoundation.org\/fr\/politique-de-confidentialite\/\" \/>\n<meta property=\"og:site_name\" content=\"Chamandy Foundation\" \/>\n<meta property=\"article:modified_time\" content=\"2025-09-16T20:25:42+00:00\" \/>\n<meta property=\"og:image\" content=\"https:\/\/chamandyfoundation.org\/wp-content\/uploads\/2025\/06\/hero_image.png\" \/>\n\t<meta property=\"og:image:width\" content=\"994\" \/>\n\t<meta property=\"og:image:height\" content=\"1029\" \/>\n\t<meta property=\"og:image:type\" content=\"image\/png\" \/>\n<meta name=\"twitter:card\" content=\"summary_large_image\" \/>\n<meta name=\"twitter:label1\" content=\"Dur\u00e9e de lecture estim\u00e9e\" \/>\n\t<meta name=\"twitter:data1\" content=\"3 minutes\" \/>\n<script type=\"application\/ld+json\" class=\"yoast-schema-graph\">{\"@context\":\"https:\/\/schema.org\",\"@graph\":[{\"@type\":\"WebPage\",\"@id\":\"https:\/\/chamandyfoundation.org\/fr\/politique-de-confidentialite\/\",\"url\":\"https:\/\/chamandyfoundation.org\/fr\/politique-de-confidentialite\/\",\"name\":\"Politique de confidentialit\u00e9 | Chamandy Foundation\",\"isPartOf\":{\"@id\":\"https:\/\/chamandyfoundation.org\/#website\"},\"primaryImageOfPage\":{\"@id\":\"https:\/\/chamandyfoundation.org\/fr\/politique-de-confidentialite\/#primaryimage\"},\"image\":{\"@id\":\"https:\/\/chamandyfoundation.org\/fr\/politique-de-confidentialite\/#primaryimage\"},\"thumbnailUrl\":\"https:\/\/chamandyfoundation.org\/wp-content\/uploads\/2025\/06\/hero_image-989x1024.png\",\"datePublished\":\"2025-06-02T19:02:24+00:00\",\"dateModified\":\"2025-09-16T20:25:42+00:00\",\"breadcrumb\":{\"@id\":\"https:\/\/chamandyfoundation.org\/fr\/politique-de-confidentialite\/#breadcrumb\"},\"inLanguage\":\"fr-FR\",\"potentialAction\":[{\"@type\":\"ReadAction\",\"target\":[\"https:\/\/chamandyfoundation.org\/fr\/politique-de-confidentialite\/\"]}]},{\"@type\":\"ImageObject\",\"inLanguage\":\"fr-FR\",\"@id\":\"https:\/\/chamandyfoundation.org\/fr\/politique-de-confidentialite\/#primaryimage\",\"url\":\"https:\/\/chamandyfoundation.org\/wp-content\/uploads\/2025\/06\/hero_image-989x1024.png\",\"contentUrl\":\"https:\/\/chamandyfoundation.org\/wp-content\/uploads\/2025\/06\/hero_image-989x1024.png\"},{\"@type\":\"BreadcrumbList\",\"@id\":\"https:\/\/chamandyfoundation.org\/fr\/politique-de-confidentialite\/#breadcrumb\",\"itemListElement\":[{\"@type\":\"ListItem\",\"position\":1,\"name\":\"Home\",\"item\":\"https:\/\/chamandyfoundation.org\/fr\/\"},{\"@type\":\"ListItem\",\"position\":2,\"name\":\"Politique de confidentialit\u00e9\"}]},{\"@type\":\"WebSite\",\"@id\":\"https:\/\/chamandyfoundation.org\/#website\",\"url\":\"https:\/\/chamandyfoundation.org\/\",\"name\":\"Chamandy Foundation\",\"description\":\"Family foundation for children and youth\",\"publisher\":{\"@id\":\"https:\/\/chamandyfoundation.org\/#organization\"},\"potentialAction\":[{\"@type\":\"SearchAction\",\"target\":{\"@type\":\"EntryPoint\",\"urlTemplate\":\"https:\/\/chamandyfoundation.org\/?s={search_term_string}\"},\"query-input\":{\"@type\":\"PropertyValueSpecification\",\"valueRequired\":true,\"valueName\":\"search_term_string\"}}],\"inLanguage\":\"fr-FR\"},{\"@type\":\"Organization\",\"@id\":\"https:\/\/chamandyfoundation.org\/#organization\",\"name\":\"Chamandy Foundation\",\"url\":\"https:\/\/chamandyfoundation.org\/\",\"logo\":{\"@type\":\"ImageObject\",\"inLanguage\":\"fr-FR\",\"@id\":\"https:\/\/chamandyfoundation.org\/#\/schema\/logo\/image\/\",\"url\":\"https:\/\/chamandyfoundation.org\/wp-content\/uploads\/2025\/06\/logo_color.png\",\"contentUrl\":\"https:\/\/chamandyfoundation.org\/wp-content\/uploads\/2025\/06\/logo_color.png\",\"width\":406,\"height\":99,\"caption\":\"Chamandy Foundation\"},\"image\":{\"@id\":\"https:\/\/chamandyfoundation.org\/#\/schema\/logo\/image\/\"}}]}<\/script>\n<!-- \/ Yoast SEO plugin. -->","yoast_head_json":{"title":"Politique de confidentialit\u00e9 | Chamandy Foundation","robots":{"index":"index","follow":"follow","max-snippet":"max-snippet:-1","max-image-preview":"max-image-preview:large","max-video-preview":"max-video-preview:-1"},"canonical":"https:\/\/chamandyfoundation.org\/fr\/politique-de-confidentialite\/","og_locale":"fr_FR","og_type":"article","og_title":"Politique de confidentialit\u00e9 | Chamandy Foundation","og_description":"Politique de confidentialit\u00e9 Qui nous sommes L\u2019adresse de notre site web est : https:\/\/chamandyfoundation.org Commentaires Lorsque les visiteurs laissent un commentaire sur le site, nous recueillons les donn\u00e9es affich\u00e9es dans le formulaire de commentaire ainsi que l\u2019adresse IP et l\u2019agent utilisateur du navigateur afin d\u2019aider \u00e0 la d\u00e9tection du courrier ind\u00e9sirable (spam). Une cha\u00eene anonymis\u00e9e [&hellip;]","og_url":"https:\/\/chamandyfoundation.org\/fr\/politique-de-confidentialite\/","og_site_name":"Chamandy Foundation","article_modified_time":"2025-09-16T20:25:42+00:00","og_image":[{"width":994,"height":1029,"url":"https:\/\/chamandyfoundation.org\/wp-content\/uploads\/2025\/06\/hero_image.png","type":"image\/png"}],"twitter_card":"summary_large_image","twitter_misc":{"Dur\u00e9e de lecture estim\u00e9e":"3 minutes"},"schema":{"@context":"https:\/\/schema.org","@graph":[{"@type":"WebPage","@id":"https:\/\/chamandyfoundation.org\/fr\/politique-de-confidentialite\/","url":"https:\/\/chamandyfoundation.org\/fr\/politique-de-confidentialite\/","name":"Politique de confidentialit\u00e9 | Chamandy Foundation","isPartOf":{"@id":"https:\/\/chamandyfoundation.org\/#website"},"primaryImageOfPage":{"@id":"https:\/\/chamandyfoundation.org\/fr\/politique-de-confidentialite\/#primaryimage"},"image":{"@id":"https:\/\/chamandyfoundation.org\/fr\/politique-de-confidentialite\/#primaryimage"},"thumbnailUrl":"https:\/\/chamandyfoundation.org\/wp-content\/uploads\/2025\/06\/hero_image-989x1024.png","datePublished":"2025-06-02T19:02:24+00:00","dateModified":"2025-09-16T20:25:42+00:00","breadcrumb":{"@id":"https:\/\/chamandyfoundation.org\/fr\/politique-de-confidentialite\/#breadcrumb"},"inLanguage":"fr-FR","potentialAction":[{"@type":"ReadAction","target":["https:\/\/chamandyfoundation.org\/fr\/politique-de-confidentialite\/"]}]},{"@type":"ImageObject","inLanguage":"fr-FR","@id":"https:\/\/chamandyfoundation.org\/fr\/politique-de-confidentialite\/#primaryimage","url":"https:\/\/chamandyfoundation.org\/wp-content\/uploads\/2025\/06\/hero_image-989x1024.png","contentUrl":"https:\/\/chamandyfoundation.org\/wp-content\/uploads\/2025\/06\/hero_image-989x1024.png"},{"@type":"BreadcrumbList","@id":"https:\/\/chamandyfoundation.org\/fr\/politique-de-confidentialite\/#breadcrumb","itemListElement":[{"@type":"ListItem","position":1,"name":"Home","item":"https:\/\/chamandyfoundation.org\/fr\/"},{"@type":"ListItem","position":2,"name":"Politique de confidentialit\u00e9"}]},{"@type":"WebSite","@id":"https:\/\/chamandyfoundation.org\/#website","url":"https:\/\/chamandyfoundation.org\/","name":"Chamandy Foundation","description":"Family foundation for children and youth","publisher":{"@id":"https:\/\/chamandyfoundation.org\/#organization"},"potentialAction":[{"@type":"SearchAction","target":{"@type":"EntryPoint","urlTemplate":"https:\/\/chamandyfoundation.org\/?s={search_term_string}"},"query-input":{"@type":"PropertyValueSpecification","valueRequired":true,"valueName":"search_term_string"}}],"inLanguage":"fr-FR"},{"@type":"Organization","@id":"https:\/\/chamandyfoundation.org\/#organization","name":"Chamandy Foundation","url":"https:\/\/chamandyfoundation.org\/","logo":{"@type":"ImageObject","inLanguage":"fr-FR","@id":"https:\/\/chamandyfoundation.org\/#\/schema\/logo\/image\/","url":"https:\/\/chamandyfoundation.org\/wp-content\/uploads\/2025\/06\/logo_color.png","contentUrl":"https:\/\/chamandyfoundation.org\/wp-content\/uploads\/2025\/06\/logo_color.png","width":406,"height":99,"caption":"Chamandy Foundation"},"image":{"@id":"https:\/\/chamandyfoundation.org\/#\/schema\/logo\/image\/"}}]}},"featured_image_src":null,"featured_image_src_square":null,"_links":{"self":[{"href":"https:\/\/chamandyfoundation.org\/fr\/wp-json\/wp\/v2\/pages\/1290","targetHints":{"allow":["GET"]}}],"collection":[{"href":"https:\/\/chamandyfoundation.org\/fr\/wp-json\/wp\/v2\/pages"}],"about":[{"href":"https:\/\/chamandyfoundation.org\/fr\/wp-json\/wp\/v2\/types\/page"}],"author":[{"embeddable":true,"href":"https:\/\/chamandyfoundation.org\/fr\/wp-json\/wp\/v2\/users\/1"}],"replies":[{"embeddable":true,"href":"https:\/\/chamandyfoundation.org\/fr\/wp-json\/wp\/v2\/comments?post=1290"}],"version-history":[{"count":0,"href":"https:\/\/chamandyfoundation.org\/fr\/wp-json\/wp\/v2\/pages\/1290\/revisions"}],"wp:attachment":[{"href":"https:\/\/chamandyfoundation.org\/fr\/wp-json\/wp\/v2\/media?parent=1290"}],"curies":[{"name":"wp","href":"https:\/\/api.w.org\/{rel}","templated":true}]}}