{"id":677,"date":"2025-06-12T16:49:05","date_gmt":"2025-06-12T16:49:05","guid":{"rendered":"https:\/\/chamandyfoundation.org\/our-team\/"},"modified":"2026-03-17T17:48:44","modified_gmt":"2026-03-17T17:48:44","slug":"notre-equipe","status":"publish","type":"page","link":"https:\/\/chamandyfoundation.org\/fr\/notre-equipe\/","title":{"rendered":"Notre \u00e9quipe"},"content":{"rendered":"\n<section class=\"wp-block-group alignfull hero_small padding_x is-layout-flow wp-block-group-is-layout-flow\">\n<div class=\"wp-block-columns hero_columns is-layout-flex wp-container-core-columns-is-layout-28f84493 wp-block-columns-is-layout-flex\">\n<div class=\"wp-block-column is-vertically-aligned-center right is-layout-flow wp-block-column-is-layout-flow\" style=\"flex-basis:50%\">\n<p class=\"has-text-align-left\"><strong>La Fondation<\/strong><\/p>\n\n\n\n<div style=\"height:1.4rem\" aria-hidden=\"true\" class=\"wp-block-spacer\"><\/div>\n\n\n\n<h1 class=\"wp-block-heading has-text-align-left has-nuit-color has-text-color has-link-color wp-elements-8fa77ae922aa14c235a495cbac07d068\">Notre \u00e9quipe<\/h1>\n<\/div>\n\n\n\n<div class=\"wp-block-column is-vertically-aligned-top left is-layout-flow wp-block-column-is-layout-flow\" style=\"flex-basis:50%\">\n<figure class=\"wp-block-image size-large image-fixed-animation\"><img loading=\"lazy\" decoding=\"async\" width=\"989\" height=\"1024\" src=\"https:\/\/chamandyfoundation.org\/wp-content\/uploads\/2025\/06\/hero_image-989x1024.png\" alt=\"\" class=\"wp-image-119\" srcset=\"https:\/\/chamandyfoundation.org\/wp-content\/uploads\/2025\/06\/hero_image-989x1024.png 989w, https:\/\/chamandyfoundation.org\/wp-content\/uploads\/2025\/06\/hero_image-290x300.png 290w, https:\/\/chamandyfoundation.org\/wp-content\/uploads\/2025\/06\/hero_image-768x795.png 768w, https:\/\/chamandyfoundation.org\/wp-content\/uploads\/2025\/06\/hero_image.png 994w\" sizes=\"auto, (max-width: 989px) 100vw, 989px\" \/><\/figure>\n<\/div>\n<\/div>\n<\/section>\n\n\n\n<section class=\"wp-block-group alignfull colors is-layout-flow wp-block-group-is-layout-flow\">\n<div class=\"wp-block-columns alignfull is-not-stacked-on-mobile barre_colors is-layout-flex wp-container-core-columns-is-layout-28f84493 wp-block-columns-is-layout-flex\">\n<div class=\"wp-block-column has-bleu-background-color has-background is-layout-flow wp-block-column-is-layout-flow\" style=\"flex-basis:25%\">\n<div class=\"wp-block-group is-layout-constrained wp-block-group-is-layout-constrained\"><\/div>\n<\/div>\n\n\n\n<div class=\"wp-block-column has-ocean-background-color has-background is-layout-flow wp-block-column-is-layout-flow\" style=\"flex-basis:25%\"><\/div>\n\n\n\n<div class=\"wp-block-column has-vert-background-color has-background is-layout-flow wp-block-column-is-layout-flow\" style=\"flex-basis:25%\"><\/div>\n\n\n\n<div class=\"wp-block-column has-ciel-background-color has-background is-layout-flow wp-block-column-is-layout-flow\" style=\"flex-basis:25%\"><\/div>\n<\/div>\n<\/section>\n\n\n\n<section class=\"wp-block-group alignfull title_text general_padding_double padding_bottom_big has-blanc-background-color has-background is-layout-flow wp-block-group-is-layout-flow\">\n<h4 class=\"wp-block-heading max_text_title_left has-nuit-color has-text-color has-link-color wp-elements-6b01e17e5cbd5991a21266d32ceb0216\"><strong>Port\u00e9s par la passion, guid\u00e9s par notre mission : d\u00e9couvrez notre \u00e9quipe<\/strong><\/h4>\n\n\n\n<div style=\"height:4rem\" aria-hidden=\"true\" class=\"wp-block-spacer\"><\/div>\n\n\n\n<p class=\"has-nuit-color has-text-color has-link-color wp-elements-e30e929e0603691d5ec8b321723ed4a7\">Fondation Chamandy s\u2019appuie sur une \u00e9quipe passionn\u00e9e dont l\u2019expertise et l\u2019engagement sont essentiels \u00e0 l\u2019avancement de notre mission et \u00e0 l\u2019impact significatif que nous cherchons \u00e0 avoir dans la vie des enfants et des jeunes que nous servons.<\/p>\n<\/section>\n\n\n\n<section class=\"wp-block-group alignfull single_photo general_padding padding_bottom_none padding_top_none has-nuit-background-color has-background is-layout-constrained wp-block-group-is-layout-constrained\"><\/section>\n\n\n\n<section class=\"wp-block-group alignfull colors is-layout-flow wp-block-group-is-layout-flow\">\n<div class=\"wp-block-columns alignfull is-not-stacked-on-mobile barre_colors is-layout-flex wp-container-core-columns-is-layout-28f84493 wp-block-columns-is-layout-flex\">\n<div class=\"wp-block-column has-bleu-background-color has-background is-layout-flow wp-block-column-is-layout-flow\" style=\"flex-basis:25%\">\n<div class=\"wp-block-group is-layout-constrained wp-block-group-is-layout-constrained\"><\/div>\n<\/div>\n\n\n\n<div class=\"wp-block-column has-ocean-background-color has-background is-layout-flow wp-block-column-is-layout-flow\" style=\"flex-basis:25%\"><\/div>\n\n\n\n<div class=\"wp-block-column has-vert-background-color has-background is-layout-flow wp-block-column-is-layout-flow\" style=\"flex-basis:25%\"><\/div>\n\n\n\n<div class=\"wp-block-column has-ciel-background-color has-background is-layout-flow wp-block-column-is-layout-flow\" style=\"flex-basis:25%\"><\/div>\n<\/div>\n<\/section>\n\n\n\n<section class=\"wp-block-group alignfull equipe_v2 general_padding is-layout-flow wp-block-group-is-layout-flow\">\n<div id=\"list_membres_block_2c6b32a165ac2d8d3dc3c761489bb41d\" class=\"liste_membres\">\n\n    \n    <div class=\"membre-wrapper\">\n        <!-- NUEVO CONTENEDOR -->\n        <div class=\"single-post padding_x\">\n            <figure class=\"image\">\n                <img decoding=\"async\" src=\"https:\/\/chamandyfoundation.org\/wp-content\/uploads\/2025\/06\/tiffanychamandy.png\"\n                    alt=\"Tiffany Chamandy\" \/>\n            <\/figure>\n\n                        <div class=\"content\">\n                \n<h5 class=\"wp-block-heading has-nuit-color has-text-color has-link-color wp-elements-79357650f34fd1af78330c50c74e44ec\">Tiffany Chamandy<\/h5>\n\n\n\n<p>Pr\u00e9sidente et directrice g\u00e9n\u00e9rale<\/p>\n\n\n\n<div style=\"height:4rem\" aria-hidden=\"true\" class=\"wp-block-spacer\"><\/div>\n\n\n\n<p>Grande d\u00e9fenseure de la diversit\u00e9, de l\u2019\u00e9quit\u00e9 et de l\u2019inclusion, Tiffany Chamandy veille \u00e0 ce que le travail de la Fondation amplifie les voix sous-repr\u00e9sent\u00e9es et favorise un acc\u00e8s \u00e9quitable aux ressources. Qu\u2019il s\u2019agisse de collaborer avec des organismes de terrain ou de soutenir des programmes novateurs, elle demeure r\u00e9solue \u00e0 contribuer \u00e0 un monde meilleur et plus inclusif.<\/p>\n\n\n\n<div style=\"height:2rem\" aria-hidden=\"true\" class=\"wp-block-spacer\"><\/div>\n\n\n\n<p>Scientifique de formation, Tiffany est titulaire d\u2019un baccalaur\u00e9at en astrophysique de l\u2019Universit\u00e9 du Colorado et d\u2019une ma\u00eetrise en physique solaire de l\u2019Universit\u00e9 d\u2019Oslo.<\/p>\n            <\/div>\n                    <\/div>\n\n        <hr class=\"image_dotted\">\n    <\/div>\n\n    \n    <div class=\"membre-wrapper\">\n        <!-- NUEVO CONTENEDOR -->\n        <div class=\"single-post padding_x\">\n            <figure class=\"image\">\n                <img decoding=\"async\" src=\"https:\/\/chamandyfoundation.org\/wp-content\/uploads\/2025\/06\/katebrayley.png\"\n                    alt=\"Kate Brayley\" \/>\n            <\/figure>\n\n                        <div class=\"content\">\n                \n<h5 class=\"wp-block-heading has-nuit-color has-text-color has-link-color wp-elements-593edcbc13695c8a74da967ff829c169\">Kate Brayley<\/h5>\n\n\n\n<p>Responsable des op\u00e9rations<\/p>\n\n\n\n<div style=\"height:4rem\" aria-hidden=\"true\" class=\"wp-block-spacer\"><\/div>\n\n\n\n<p>Kate d\u00e9tient une ma\u00eetrise en histoire de l\u2019art et apporte \u00e0 son travail un m\u00e9lange unique de rigueur analytique, d\u2019innovation et de sens du soin. Dot\u00e9e d\u2019un grand souci du d\u00e9tail et d\u2019une vision globale, elle est reconnue pour \u00eatre \u00e0 la fois m\u00e9thodique et profond\u00e9ment relationnelle. Proactive et pos\u00e9e, elle sait aussi all\u00e9ger l\u2019atmosph\u00e8re \u2014 convaincue qu\u2019un bon sens de l\u2019humour va de pair avec une collaboration fructueuse. Pour elle, les relations ne sont pas seulement importantes : elles sont essentielles \u00e0 un travail r\u00e9fl\u00e9chi et porteur d\u2019impact.<br><\/p>\n\n\n\n<div style=\"height:2rem\" aria-hidden=\"true\" class=\"wp-block-spacer\"><\/div>\n            <\/div>\n                    <\/div>\n\n        <hr class=\"image_dotted\">\n    <\/div>\n\n    \n    <div class=\"membre-wrapper\">\n        <!-- NUEVO CONTENEDOR -->\n        <div class=\"single-post padding_x\">\n            <figure class=\"image\">\n                <img decoding=\"async\" src=\"https:\/\/chamandyfoundation.org\/wp-content\/uploads\/2025\/06\/christinevallieres.png\"\n                    alt=\"Christine Valli\u00e8res\" \/>\n            <\/figure>\n\n                        <div class=\"content\">\n                \n<h5 class=\"wp-block-heading has-nuit-color has-text-color has-link-color wp-elements-8c5f082f8e7e87a69399e30f52de2b46\">Christine Valli\u00e8res<\/h5>\n\n\n\n<p>Responsable des subventions et des communications<\/p>\n\n\n\n<div style=\"height:4rem\" aria-hidden=\"true\" class=\"wp-block-spacer\"><\/div>\n\n\n\n<p>Christine Valli\u00e8res est dipl\u00f4m\u00e9e en sciences de la communication et en coop\u00e9ration internationale. Forte de 13 ans d\u2019exp\u00e9rience dans le milieu communautaire, elle s\u2019est sp\u00e9cialis\u00e9e en communication et en d\u00e9veloppement philanthropique, acqu\u00e9rant une connaissance approfondie du terrain.<\/p>\n\n\n\n<p>Passionn\u00e9e par les relations humaines, elle valorise les partenariats et l\u2019impact collectif que l\u2019on peut atteindre ensemble. Son \u00e9nergie positive, son \u00e9coute attentive et son enthousiasme \u00e0 rencontrer de nouvelles personnes font d\u2019elle une alli\u00e9e pr\u00e9cieuse pour b\u00e2tir des initiatives porteuses et durables.<\/p>\n\n\n\n<div style=\"height:2rem\" aria-hidden=\"true\" class=\"wp-block-spacer\"><\/div>\n            <\/div>\n                    <\/div>\n\n        <hr class=\"image_dotted\">\n    <\/div>\n\n    <\/div><\/section>\n\n\n\n<section class=\"wp-block-group alignfull colors is-layout-flow wp-block-group-is-layout-flow\">\n<div class=\"wp-block-columns alignfull is-not-stacked-on-mobile barre_colors is-layout-flex wp-container-core-columns-is-layout-28f84493 wp-block-columns-is-layout-flex\">\n<div class=\"wp-block-column has-bleu-background-color has-background is-layout-flow wp-block-column-is-layout-flow\" style=\"flex-basis:25%\">\n<div class=\"wp-block-group is-layout-constrained wp-block-group-is-layout-constrained\"><\/div>\n<\/div>\n\n\n\n<div class=\"wp-block-column has-ocean-background-color has-background is-layout-flow wp-block-column-is-layout-flow\" style=\"flex-basis:25%\"><\/div>\n\n\n\n<div class=\"wp-block-column has-vert-background-color has-background is-layout-flow wp-block-column-is-layout-flow\" style=\"flex-basis:25%\"><\/div>\n\n\n\n<div class=\"wp-block-column has-ciel-background-color has-background is-layout-flow wp-block-column-is-layout-flow\" style=\"flex-basis:25%\"><\/div>\n<\/div>\n<\/section>\n","protected":false},"excerpt":{"rendered":"<p>La Fondation Notre \u00e9quipe Port\u00e9s par la passion, guid\u00e9s par notre mission : d\u00e9couvrez notre \u00e9quipe Fondation Chamandy s\u2019appuie sur une \u00e9quipe passionn\u00e9e dont l\u2019expertise et l\u2019engagement sont essentiels \u00e0 l\u2019avancement de notre mission et \u00e0 l\u2019impact significatif que nous cherchons \u00e0 avoir dans la vie des enfants et des jeunes que nous servons.<\/p>\n","protected":false},"author":1,"featured_media":0,"parent":0,"menu_order":0,"comment_status":"closed","ping_status":"closed","template":"","meta":{"_acf_changed":false,"inline_featured_image":false,"footnotes":""},"class_list":["post-677","page","type-page","status-publish","hentry"],"acf":[],"yoast_head":"<!-- This site is optimized with the Yoast SEO plugin v27.2 - https:\/\/yoast.com\/product\/yoast-seo-wordpress\/ -->\n<title>Notre \u00e9quipe Fondation Chamandy | Pour les enfants et les jeunes<\/title>\n<meta name=\"description\" content=\"La Fondation Chamandy est port\u00e9e par une \u00e9quipe dont l\u2019expertise et l\u2019engagement sont essentiels pour faire progresser notre mission et avoir un impact concret.\" \/>\n<meta name=\"robots\" content=\"index, follow, max-snippet:-1, max-image-preview:large, max-video-preview:-1\" \/>\n<link rel=\"canonical\" href=\"https:\/\/chamandyfoundation.org\/fr\/notre-equipe\/\" \/>\n<meta property=\"og:locale\" content=\"fr_FR\" \/>\n<meta property=\"og:type\" content=\"article\" \/>\n<meta property=\"og:title\" content=\"Notre \u00e9quipe Fondation Chamandy | Pour les enfants et les jeunes\" \/>\n<meta property=\"og:description\" content=\"La Fondation Chamandy est port\u00e9e par une \u00e9quipe dont l\u2019expertise et l\u2019engagement sont essentiels pour faire progresser notre mission et avoir un impact concret.\" \/>\n<meta property=\"og:url\" content=\"https:\/\/chamandyfoundation.org\/fr\/notre-equipe\/\" \/>\n<meta property=\"og:site_name\" content=\"Chamandy Foundation\" \/>\n<meta property=\"article:modified_time\" content=\"2026-03-17T17:48:44+00:00\" \/>\n<meta property=\"og:image\" content=\"https:\/\/chamandyfoundation.org\/wp-content\/uploads\/2025\/06\/hero_image.png\" \/>\n\t<meta property=\"og:image:width\" content=\"994\" \/>\n\t<meta property=\"og:image:height\" content=\"1029\" \/>\n\t<meta property=\"og:image:type\" content=\"image\/png\" \/>\n<meta name=\"twitter:card\" content=\"summary_large_image\" \/>\n<meta name=\"twitter:label1\" content=\"Dur\u00e9e de lecture estim\u00e9e\" \/>\n\t<meta name=\"twitter:data1\" content=\"1 minute\" \/>\n<script type=\"application\/ld+json\" class=\"yoast-schema-graph\">{\"@context\":\"https:\/\/schema.org\",\"@graph\":[{\"@type\":\"WebPage\",\"@id\":\"https:\/\/chamandyfoundation.org\/fr\/notre-equipe\/\",\"url\":\"https:\/\/chamandyfoundation.org\/fr\/notre-equipe\/\",\"name\":\"Notre \u00e9quipe Fondation Chamandy | Pour les enfants et les jeunes\",\"isPartOf\":{\"@id\":\"https:\/\/chamandyfoundation.org\/#website\"},\"primaryImageOfPage\":{\"@id\":\"https:\/\/chamandyfoundation.org\/fr\/notre-equipe\/#primaryimage\"},\"image\":{\"@id\":\"https:\/\/chamandyfoundation.org\/fr\/notre-equipe\/#primaryimage\"},\"thumbnailUrl\":\"https:\/\/chamandyfoundation.org\/wp-content\/uploads\/2025\/06\/hero_image-989x1024.png\",\"datePublished\":\"2025-06-12T16:49:05+00:00\",\"dateModified\":\"2026-03-17T17:48:44+00:00\",\"description\":\"La Fondation Chamandy est port\u00e9e par une \u00e9quipe dont l\u2019expertise et l\u2019engagement sont essentiels pour faire progresser notre mission et avoir un impact concret.\",\"breadcrumb\":{\"@id\":\"https:\/\/chamandyfoundation.org\/fr\/notre-equipe\/#breadcrumb\"},\"inLanguage\":\"fr-FR\",\"potentialAction\":[{\"@type\":\"ReadAction\",\"target\":[\"https:\/\/chamandyfoundation.org\/fr\/notre-equipe\/\"]}]},{\"@type\":\"ImageObject\",\"inLanguage\":\"fr-FR\",\"@id\":\"https:\/\/chamandyfoundation.org\/fr\/notre-equipe\/#primaryimage\",\"url\":\"https:\/\/chamandyfoundation.org\/wp-content\/uploads\/2025\/06\/hero_image-989x1024.png\",\"contentUrl\":\"https:\/\/chamandyfoundation.org\/wp-content\/uploads\/2025\/06\/hero_image-989x1024.png\"},{\"@type\":\"BreadcrumbList\",\"@id\":\"https:\/\/chamandyfoundation.org\/fr\/notre-equipe\/#breadcrumb\",\"itemListElement\":[{\"@type\":\"ListItem\",\"position\":1,\"name\":\"Home\",\"item\":\"https:\/\/chamandyfoundation.org\/fr\/\"},{\"@type\":\"ListItem\",\"position\":2,\"name\":\"Notre \u00e9quipe\"}]},{\"@type\":\"WebSite\",\"@id\":\"https:\/\/chamandyfoundation.org\/#website\",\"url\":\"https:\/\/chamandyfoundation.org\/\",\"name\":\"Chamandy Foundation\",\"description\":\"Family foundation for children and youth\",\"publisher\":{\"@id\":\"https:\/\/chamandyfoundation.org\/#organization\"},\"potentialAction\":[{\"@type\":\"SearchAction\",\"target\":{\"@type\":\"EntryPoint\",\"urlTemplate\":\"https:\/\/chamandyfoundation.org\/?s={search_term_string}\"},\"query-input\":{\"@type\":\"PropertyValueSpecification\",\"valueRequired\":true,\"valueName\":\"search_term_string\"}}],\"inLanguage\":\"fr-FR\"},{\"@type\":\"Organization\",\"@id\":\"https:\/\/chamandyfoundation.org\/#organization\",\"name\":\"Chamandy Foundation\",\"url\":\"https:\/\/chamandyfoundation.org\/\",\"logo\":{\"@type\":\"ImageObject\",\"inLanguage\":\"fr-FR\",\"@id\":\"https:\/\/chamandyfoundation.org\/#\/schema\/logo\/image\/\",\"url\":\"https:\/\/chamandyfoundation.org\/wp-content\/uploads\/2025\/06\/logo_color.png\",\"contentUrl\":\"https:\/\/chamandyfoundation.org\/wp-content\/uploads\/2025\/06\/logo_color.png\",\"width\":406,\"height\":99,\"caption\":\"Chamandy Foundation\"},\"image\":{\"@id\":\"https:\/\/chamandyfoundation.org\/#\/schema\/logo\/image\/\"}}]}<\/script>\n<!-- \/ Yoast SEO plugin. -->","yoast_head_json":{"title":"Notre \u00e9quipe Fondation Chamandy | Pour les enfants et les jeunes","description":"La Fondation Chamandy est port\u00e9e par une \u00e9quipe dont l\u2019expertise et l\u2019engagement sont essentiels pour faire progresser notre mission et avoir un impact concret.","robots":{"index":"index","follow":"follow","max-snippet":"max-snippet:-1","max-image-preview":"max-image-preview:large","max-video-preview":"max-video-preview:-1"},"canonical":"https:\/\/chamandyfoundation.org\/fr\/notre-equipe\/","og_locale":"fr_FR","og_type":"article","og_title":"Notre \u00e9quipe Fondation Chamandy | Pour les enfants et les jeunes","og_description":"La Fondation Chamandy est port\u00e9e par une \u00e9quipe dont l\u2019expertise et l\u2019engagement sont essentiels pour faire progresser notre mission et avoir un impact concret.","og_url":"https:\/\/chamandyfoundation.org\/fr\/notre-equipe\/","og_site_name":"Chamandy Foundation","article_modified_time":"2026-03-17T17:48:44+00:00","og_image":[{"width":994,"height":1029,"url":"https:\/\/chamandyfoundation.org\/wp-content\/uploads\/2025\/06\/hero_image.png","type":"image\/png"}],"twitter_card":"summary_large_image","twitter_misc":{"Dur\u00e9e de lecture estim\u00e9e":"1 minute"},"schema":{"@context":"https:\/\/schema.org","@graph":[{"@type":"WebPage","@id":"https:\/\/chamandyfoundation.org\/fr\/notre-equipe\/","url":"https:\/\/chamandyfoundation.org\/fr\/notre-equipe\/","name":"Notre \u00e9quipe Fondation Chamandy | Pour les enfants et les jeunes","isPartOf":{"@id":"https:\/\/chamandyfoundation.org\/#website"},"primaryImageOfPage":{"@id":"https:\/\/chamandyfoundation.org\/fr\/notre-equipe\/#primaryimage"},"image":{"@id":"https:\/\/chamandyfoundation.org\/fr\/notre-equipe\/#primaryimage"},"thumbnailUrl":"https:\/\/chamandyfoundation.org\/wp-content\/uploads\/2025\/06\/hero_image-989x1024.png","datePublished":"2025-06-12T16:49:05+00:00","dateModified":"2026-03-17T17:48:44+00:00","description":"La Fondation Chamandy est port\u00e9e par une \u00e9quipe dont l\u2019expertise et l\u2019engagement sont essentiels pour faire progresser notre mission et avoir un impact concret.","breadcrumb":{"@id":"https:\/\/chamandyfoundation.org\/fr\/notre-equipe\/#breadcrumb"},"inLanguage":"fr-FR","potentialAction":[{"@type":"ReadAction","target":["https:\/\/chamandyfoundation.org\/fr\/notre-equipe\/"]}]},{"@type":"ImageObject","inLanguage":"fr-FR","@id":"https:\/\/chamandyfoundation.org\/fr\/notre-equipe\/#primaryimage","url":"https:\/\/chamandyfoundation.org\/wp-content\/uploads\/2025\/06\/hero_image-989x1024.png","contentUrl":"https:\/\/chamandyfoundation.org\/wp-content\/uploads\/2025\/06\/hero_image-989x1024.png"},{"@type":"BreadcrumbList","@id":"https:\/\/chamandyfoundation.org\/fr\/notre-equipe\/#breadcrumb","itemListElement":[{"@type":"ListItem","position":1,"name":"Home","item":"https:\/\/chamandyfoundation.org\/fr\/"},{"@type":"ListItem","position":2,"name":"Notre \u00e9quipe"}]},{"@type":"WebSite","@id":"https:\/\/chamandyfoundation.org\/#website","url":"https:\/\/chamandyfoundation.org\/","name":"Chamandy Foundation","description":"Family foundation for children and youth","publisher":{"@id":"https:\/\/chamandyfoundation.org\/#organization"},"potentialAction":[{"@type":"SearchAction","target":{"@type":"EntryPoint","urlTemplate":"https:\/\/chamandyfoundation.org\/?s={search_term_string}"},"query-input":{"@type":"PropertyValueSpecification","valueRequired":true,"valueName":"search_term_string"}}],"inLanguage":"fr-FR"},{"@type":"Organization","@id":"https:\/\/chamandyfoundation.org\/#organization","name":"Chamandy Foundation","url":"https:\/\/chamandyfoundation.org\/","logo":{"@type":"ImageObject","inLanguage":"fr-FR","@id":"https:\/\/chamandyfoundation.org\/#\/schema\/logo\/image\/","url":"https:\/\/chamandyfoundation.org\/wp-content\/uploads\/2025\/06\/logo_color.png","contentUrl":"https:\/\/chamandyfoundation.org\/wp-content\/uploads\/2025\/06\/logo_color.png","width":406,"height":99,"caption":"Chamandy Foundation"},"image":{"@id":"https:\/\/chamandyfoundation.org\/#\/schema\/logo\/image\/"}}]}},"featured_image_src":null,"featured_image_src_square":null,"_links":{"self":[{"href":"https:\/\/chamandyfoundation.org\/fr\/wp-json\/wp\/v2\/pages\/677","targetHints":{"allow":["GET"]}}],"collection":[{"href":"https:\/\/chamandyfoundation.org\/fr\/wp-json\/wp\/v2\/pages"}],"about":[{"href":"https:\/\/chamandyfoundation.org\/fr\/wp-json\/wp\/v2\/types\/page"}],"author":[{"embeddable":true,"href":"https:\/\/chamandyfoundation.org\/fr\/wp-json\/wp\/v2\/users\/1"}],"replies":[{"embeddable":true,"href":"https:\/\/chamandyfoundation.org\/fr\/wp-json\/wp\/v2\/comments?post=677"}],"version-history":[{"count":1,"href":"https:\/\/chamandyfoundation.org\/fr\/wp-json\/wp\/v2\/pages\/677\/revisions"}],"predecessor-version":[{"id":1644,"href":"https:\/\/chamandyfoundation.org\/fr\/wp-json\/wp\/v2\/pages\/677\/revisions\/1644"}],"wp:attachment":[{"href":"https:\/\/chamandyfoundation.org\/fr\/wp-json\/wp\/v2\/media?parent=677"}],"curies":[{"name":"wp","href":"https:\/\/api.w.org\/{rel}","templated":true}]}}