{"id":679,"date":"2025-06-12T16:49:28","date_gmt":"2025-06-12T16:49:28","guid":{"rendered":"https:\/\/chamandyfoundation.org\/annual-report\/"},"modified":"2025-09-23T16:46:55","modified_gmt":"2025-09-23T16:46:55","slug":"rapport-annuel","status":"publish","type":"page","link":"https:\/\/chamandyfoundation.org\/fr\/rapport-annuel\/","title":{"rendered":"Rapport annuel"},"content":{"rendered":"\n<section class=\"wp-block-group alignfull hero_small padding_x is-layout-flow wp-block-group-is-layout-flow\">\n<div class=\"wp-block-columns hero_columns is-layout-flex wp-container-core-columns-is-layout-28f84493 wp-block-columns-is-layout-flex\">\n<div class=\"wp-block-column is-vertically-aligned-center right is-layout-flow wp-block-column-is-layout-flow\" style=\"flex-basis:50%\">\n<p class=\"has-text-align-left\"><strong>La Fondation<\/strong><\/p>\n\n\n\n<div style=\"height:1.4rem\" aria-hidden=\"true\" class=\"wp-block-spacer\"><\/div>\n\n\n\n<h1 class=\"wp-block-heading has-text-align-left has-nuit-color has-text-color has-link-color wp-elements-f2151d35a22f97700f3bca87cab8f3b5\">Rapport annuel<\/h1>\n<\/div>\n\n\n\n<div class=\"wp-block-column is-vertically-aligned-top left is-layout-flow wp-block-column-is-layout-flow\" style=\"flex-basis:50%\">\n<figure class=\"wp-block-image size-large image-fixed-animation\"><img loading=\"lazy\" decoding=\"async\" width=\"989\" height=\"1024\" src=\"https:\/\/chamandyfoundation.org\/wp-content\/uploads\/2025\/06\/hero_image-989x1024.png\" alt=\"\" class=\"wp-image-119\" srcset=\"https:\/\/chamandyfoundation.org\/wp-content\/uploads\/2025\/06\/hero_image-989x1024.png 989w, https:\/\/chamandyfoundation.org\/wp-content\/uploads\/2025\/06\/hero_image-290x300.png 290w, https:\/\/chamandyfoundation.org\/wp-content\/uploads\/2025\/06\/hero_image-768x795.png 768w, https:\/\/chamandyfoundation.org\/wp-content\/uploads\/2025\/06\/hero_image.png 994w\" sizes=\"auto, (max-width: 989px) 100vw, 989px\" \/><\/figure>\n<\/div>\n<\/div>\n<\/section>\n\n\n\n<section class=\"wp-block-group alignfull colors is-layout-flow wp-block-group-is-layout-flow\">\n<div class=\"wp-block-columns alignfull is-not-stacked-on-mobile barre_colors is-layout-flex wp-container-core-columns-is-layout-28f84493 wp-block-columns-is-layout-flex\">\n<div class=\"wp-block-column has-bleu-background-color has-background is-layout-flow wp-block-column-is-layout-flow\" style=\"flex-basis:25%\">\n<div class=\"wp-block-group is-layout-constrained wp-block-group-is-layout-constrained\"><\/div>\n<\/div>\n\n\n\n<div class=\"wp-block-column has-ocean-background-color has-background is-layout-flow wp-block-column-is-layout-flow\" style=\"flex-basis:25%\"><\/div>\n\n\n\n<div class=\"wp-block-column has-vert-background-color has-background is-layout-flow wp-block-column-is-layout-flow\" style=\"flex-basis:25%\"><\/div>\n\n\n\n<div class=\"wp-block-column has-ciel-background-color has-background is-layout-flow wp-block-column-is-layout-flow\" style=\"flex-basis:25%\"><\/div>\n<\/div>\n<\/section>\n\n\n\n<section class=\"wp-block-group alignfull title_text general_padding_double has-blanc-background-color has-background is-layout-flow wp-block-group-is-layout-flow\">\n<h4 class=\"wp-block-heading max_text_title_left has-nuit-color has-text-color has-link-color wp-elements-9cdc179262921906432920f4fa95c753\"><strong>Soutenir un avenir plus prometteur et \u00e9quitable pour les enfants et les jeunes<\/strong><\/h4>\n\n\n\n<div style=\"height:4rem\" aria-hidden=\"true\" class=\"wp-block-spacer\"><\/div>\n\n\n\n<p class=\"has-nuit-color has-text-color has-link-color wp-elements-2765d4a7a433f6c7329796ec987741f5\">La Fondation finance activement des organismes qui \u0153uvrent \u00e0 am\u00e9liorer la vie des enfants et des jeunes, ici comme \u00e0 l\u2019\u00e9tranger. Nous travaillons en solidarit\u00e9 avec des organismes \u00e0 but non lucratif qui favorisent l\u2019\u00e9ducation, la protection de l\u2019environnement, la r\u00e9duction de la pauvret\u00e9 infantile et l\u2019am\u00e9lioration du bien-\u00eatre physique, social et mental des enfants.<\/p>\n\n\n\n<div style=\"height:6rem\" aria-hidden=\"true\" class=\"wp-block-spacer\"><\/div>\n\n\n<div class=\"pdf_listings align wp-block-acf-pdf-listings\">\n    <ul class=\"pdf-list\">\n                <li>\n            <a href=\"https:\/\/chamandyfoundation.org\/wp-content\/uploads\/2025\/09\/Fondation-Chamandy_Rapport-annuel_2024.pdf\" target=\"_blank\">\n                Rapport annuel 2024                <svg xmlns=\"http:\/\/www.w3.org\/2000\/svg\" width=\"8.15\" height=\"11.793\" viewBox=\"0 0 8.15 11.793\">\n                    <g id=\"Groupe_1036\" data-name=\"Groupe 1036\" transform=\"translate(-617.883 -1769.602)\">\n                        <g id=\"Groupe_977\" data-name=\"Groupe 977\" transform=\"translate(508.756 1749)\">\n                            <path id=\"Trac\u00e9_2376\" data-name=\"Trac\u00e9 2376\"\n                                d=\"M5.19,6.735,0,1.546,1.546,0,5.19,3.644,8.833,0l1.546,1.546Z\"\n                                transform=\"translate(109.834 31.689) rotate(-90)\" fill=\"#fff\" stroke=\"#95989a\"\n                                stroke-width=\"1\" \/>\n                        <\/g>\n                    <\/g>\n                <\/svg>\n\n            <\/a>\n        <\/li>\n            <\/ul>\n<\/div>\n<\/section>\n\n\n\n<section class=\"wp-block-group alignfull colors is-layout-flow wp-block-group-is-layout-flow\">\n<div class=\"wp-block-columns alignfull is-not-stacked-on-mobile barre_colors is-layout-flex wp-container-core-columns-is-layout-28f84493 wp-block-columns-is-layout-flex\">\n<div class=\"wp-block-column has-bleu-background-color has-background is-layout-flow wp-block-column-is-layout-flow\" style=\"flex-basis:25%\">\n<div class=\"wp-block-group is-layout-constrained wp-block-group-is-layout-constrained\"><\/div>\n<\/div>\n\n\n\n<div class=\"wp-block-column has-ocean-background-color has-background is-layout-flow wp-block-column-is-layout-flow\" style=\"flex-basis:25%\"><\/div>\n\n\n\n<div class=\"wp-block-column has-vert-background-color has-background is-layout-flow wp-block-column-is-layout-flow\" style=\"flex-basis:25%\"><\/div>\n\n\n\n<div class=\"wp-block-column has-ciel-background-color has-background is-layout-flow wp-block-column-is-layout-flow\" style=\"flex-basis:25%\"><\/div>\n<\/div>\n<\/section>\n","protected":false},"excerpt":{"rendered":"<p>La Fondation Rapport annuel Soutenir un avenir plus prometteur et \u00e9quitable pour les enfants et les jeunes La Fondation finance activement des organismes qui \u0153uvrent \u00e0 am\u00e9liorer la vie des enfants et des jeunes, ici comme \u00e0 l\u2019\u00e9tranger. Nous travaillons en solidarit\u00e9 avec des organismes \u00e0 but non lucratif qui favorisent l\u2019\u00e9ducation, la protection de [&hellip;]<\/p>\n","protected":false},"author":1,"featured_media":0,"parent":0,"menu_order":0,"comment_status":"closed","ping_status":"closed","template":"","meta":{"_acf_changed":false,"inline_featured_image":false,"footnotes":""},"class_list":["post-679","page","type-page","status-publish","hentry"],"acf":[],"yoast_head":"<!-- This site is optimized with the Yoast SEO plugin v27.2 - https:\/\/yoast.com\/product\/yoast-seo-wordpress\/ -->\n<title>Rapport annuel Fondation Chamandy | Pour les enfants et les jeunes<\/title>\n<meta name=\"description\" content=\"La Fondation finance activement des organismes d\u00e9di\u00e9s \u00e0 l\u2019am\u00e9lioration de la vie des enfants et des jeunes, tant dans sa communaut\u00e9 qu\u2019\u00e0 l\u2019\u00e9tranger.\" \/>\n<meta name=\"robots\" content=\"index, follow, max-snippet:-1, max-image-preview:large, max-video-preview:-1\" \/>\n<link rel=\"canonical\" href=\"https:\/\/chamandyfoundation.org\/fr\/rapport-annuel\/\" \/>\n<meta property=\"og:locale\" content=\"fr_FR\" \/>\n<meta property=\"og:type\" content=\"article\" \/>\n<meta property=\"og:title\" content=\"Rapport annuel Fondation Chamandy | Pour les enfants et les jeunes\" \/>\n<meta property=\"og:description\" content=\"La Fondation finance activement des organismes d\u00e9di\u00e9s \u00e0 l\u2019am\u00e9lioration de la vie des enfants et des jeunes, tant dans sa communaut\u00e9 qu\u2019\u00e0 l\u2019\u00e9tranger.\" \/>\n<meta property=\"og:url\" content=\"https:\/\/chamandyfoundation.org\/fr\/rapport-annuel\/\" \/>\n<meta property=\"og:site_name\" content=\"Chamandy Foundation\" \/>\n<meta property=\"article:modified_time\" content=\"2025-09-23T16:46:55+00:00\" \/>\n<meta property=\"og:image\" content=\"https:\/\/chamandyfoundation.org\/wp-content\/uploads\/2025\/06\/hero_image.png\" \/>\n\t<meta property=\"og:image:width\" content=\"994\" \/>\n\t<meta property=\"og:image:height\" content=\"1029\" \/>\n\t<meta property=\"og:image:type\" content=\"image\/png\" \/>\n<meta name=\"twitter:card\" content=\"summary_large_image\" \/>\n<meta name=\"twitter:label1\" content=\"Dur\u00e9e de lecture estim\u00e9e\" \/>\n\t<meta name=\"twitter:data1\" content=\"1 minute\" \/>\n<script type=\"application\/ld+json\" class=\"yoast-schema-graph\">{\"@context\":\"https:\/\/schema.org\",\"@graph\":[{\"@type\":\"WebPage\",\"@id\":\"https:\/\/chamandyfoundation.org\/fr\/rapport-annuel\/\",\"url\":\"https:\/\/chamandyfoundation.org\/fr\/rapport-annuel\/\",\"name\":\"Rapport annuel Fondation Chamandy | Pour les enfants et les jeunes\",\"isPartOf\":{\"@id\":\"https:\/\/chamandyfoundation.org\/#website\"},\"primaryImageOfPage\":{\"@id\":\"https:\/\/chamandyfoundation.org\/fr\/rapport-annuel\/#primaryimage\"},\"image\":{\"@id\":\"https:\/\/chamandyfoundation.org\/fr\/rapport-annuel\/#primaryimage\"},\"thumbnailUrl\":\"https:\/\/chamandyfoundation.org\/wp-content\/uploads\/2025\/06\/hero_image-989x1024.png\",\"datePublished\":\"2025-06-12T16:49:28+00:00\",\"dateModified\":\"2025-09-23T16:46:55+00:00\",\"description\":\"La Fondation finance activement des organismes d\u00e9di\u00e9s \u00e0 l\u2019am\u00e9lioration de la vie des enfants et des jeunes, tant dans sa communaut\u00e9 qu\u2019\u00e0 l\u2019\u00e9tranger.\",\"breadcrumb\":{\"@id\":\"https:\/\/chamandyfoundation.org\/fr\/rapport-annuel\/#breadcrumb\"},\"inLanguage\":\"fr-FR\",\"potentialAction\":[{\"@type\":\"ReadAction\",\"target\":[\"https:\/\/chamandyfoundation.org\/fr\/rapport-annuel\/\"]}]},{\"@type\":\"ImageObject\",\"inLanguage\":\"fr-FR\",\"@id\":\"https:\/\/chamandyfoundation.org\/fr\/rapport-annuel\/#primaryimage\",\"url\":\"https:\/\/chamandyfoundation.org\/wp-content\/uploads\/2025\/06\/hero_image-989x1024.png\",\"contentUrl\":\"https:\/\/chamandyfoundation.org\/wp-content\/uploads\/2025\/06\/hero_image-989x1024.png\"},{\"@type\":\"BreadcrumbList\",\"@id\":\"https:\/\/chamandyfoundation.org\/fr\/rapport-annuel\/#breadcrumb\",\"itemListElement\":[{\"@type\":\"ListItem\",\"position\":1,\"name\":\"Home\",\"item\":\"https:\/\/chamandyfoundation.org\/fr\/\"},{\"@type\":\"ListItem\",\"position\":2,\"name\":\"Rapport annuel\"}]},{\"@type\":\"WebSite\",\"@id\":\"https:\/\/chamandyfoundation.org\/#website\",\"url\":\"https:\/\/chamandyfoundation.org\/\",\"name\":\"Chamandy Foundation\",\"description\":\"Family foundation for children and youth\",\"publisher\":{\"@id\":\"https:\/\/chamandyfoundation.org\/#organization\"},\"potentialAction\":[{\"@type\":\"SearchAction\",\"target\":{\"@type\":\"EntryPoint\",\"urlTemplate\":\"https:\/\/chamandyfoundation.org\/?s={search_term_string}\"},\"query-input\":{\"@type\":\"PropertyValueSpecification\",\"valueRequired\":true,\"valueName\":\"search_term_string\"}}],\"inLanguage\":\"fr-FR\"},{\"@type\":\"Organization\",\"@id\":\"https:\/\/chamandyfoundation.org\/#organization\",\"name\":\"Chamandy Foundation\",\"url\":\"https:\/\/chamandyfoundation.org\/\",\"logo\":{\"@type\":\"ImageObject\",\"inLanguage\":\"fr-FR\",\"@id\":\"https:\/\/chamandyfoundation.org\/#\/schema\/logo\/image\/\",\"url\":\"https:\/\/chamandyfoundation.org\/wp-content\/uploads\/2025\/06\/logo_color.png\",\"contentUrl\":\"https:\/\/chamandyfoundation.org\/wp-content\/uploads\/2025\/06\/logo_color.png\",\"width\":406,\"height\":99,\"caption\":\"Chamandy Foundation\"},\"image\":{\"@id\":\"https:\/\/chamandyfoundation.org\/#\/schema\/logo\/image\/\"}}]}<\/script>\n<!-- \/ Yoast SEO plugin. -->","yoast_head_json":{"title":"Rapport annuel Fondation Chamandy | Pour les enfants et les jeunes","description":"La Fondation finance activement des organismes d\u00e9di\u00e9s \u00e0 l\u2019am\u00e9lioration de la vie des enfants et des jeunes, tant dans sa communaut\u00e9 qu\u2019\u00e0 l\u2019\u00e9tranger.","robots":{"index":"index","follow":"follow","max-snippet":"max-snippet:-1","max-image-preview":"max-image-preview:large","max-video-preview":"max-video-preview:-1"},"canonical":"https:\/\/chamandyfoundation.org\/fr\/rapport-annuel\/","og_locale":"fr_FR","og_type":"article","og_title":"Rapport annuel Fondation Chamandy | Pour les enfants et les jeunes","og_description":"La Fondation finance activement des organismes d\u00e9di\u00e9s \u00e0 l\u2019am\u00e9lioration de la vie des enfants et des jeunes, tant dans sa communaut\u00e9 qu\u2019\u00e0 l\u2019\u00e9tranger.","og_url":"https:\/\/chamandyfoundation.org\/fr\/rapport-annuel\/","og_site_name":"Chamandy Foundation","article_modified_time":"2025-09-23T16:46:55+00:00","og_image":[{"width":994,"height":1029,"url":"https:\/\/chamandyfoundation.org\/wp-content\/uploads\/2025\/06\/hero_image.png","type":"image\/png"}],"twitter_card":"summary_large_image","twitter_misc":{"Dur\u00e9e de lecture estim\u00e9e":"1 minute"},"schema":{"@context":"https:\/\/schema.org","@graph":[{"@type":"WebPage","@id":"https:\/\/chamandyfoundation.org\/fr\/rapport-annuel\/","url":"https:\/\/chamandyfoundation.org\/fr\/rapport-annuel\/","name":"Rapport annuel Fondation Chamandy | Pour les enfants et les jeunes","isPartOf":{"@id":"https:\/\/chamandyfoundation.org\/#website"},"primaryImageOfPage":{"@id":"https:\/\/chamandyfoundation.org\/fr\/rapport-annuel\/#primaryimage"},"image":{"@id":"https:\/\/chamandyfoundation.org\/fr\/rapport-annuel\/#primaryimage"},"thumbnailUrl":"https:\/\/chamandyfoundation.org\/wp-content\/uploads\/2025\/06\/hero_image-989x1024.png","datePublished":"2025-06-12T16:49:28+00:00","dateModified":"2025-09-23T16:46:55+00:00","description":"La Fondation finance activement des organismes d\u00e9di\u00e9s \u00e0 l\u2019am\u00e9lioration de la vie des enfants et des jeunes, tant dans sa communaut\u00e9 qu\u2019\u00e0 l\u2019\u00e9tranger.","breadcrumb":{"@id":"https:\/\/chamandyfoundation.org\/fr\/rapport-annuel\/#breadcrumb"},"inLanguage":"fr-FR","potentialAction":[{"@type":"ReadAction","target":["https:\/\/chamandyfoundation.org\/fr\/rapport-annuel\/"]}]},{"@type":"ImageObject","inLanguage":"fr-FR","@id":"https:\/\/chamandyfoundation.org\/fr\/rapport-annuel\/#primaryimage","url":"https:\/\/chamandyfoundation.org\/wp-content\/uploads\/2025\/06\/hero_image-989x1024.png","contentUrl":"https:\/\/chamandyfoundation.org\/wp-content\/uploads\/2025\/06\/hero_image-989x1024.png"},{"@type":"BreadcrumbList","@id":"https:\/\/chamandyfoundation.org\/fr\/rapport-annuel\/#breadcrumb","itemListElement":[{"@type":"ListItem","position":1,"name":"Home","item":"https:\/\/chamandyfoundation.org\/fr\/"},{"@type":"ListItem","position":2,"name":"Rapport annuel"}]},{"@type":"WebSite","@id":"https:\/\/chamandyfoundation.org\/#website","url":"https:\/\/chamandyfoundation.org\/","name":"Chamandy Foundation","description":"Family foundation for children and youth","publisher":{"@id":"https:\/\/chamandyfoundation.org\/#organization"},"potentialAction":[{"@type":"SearchAction","target":{"@type":"EntryPoint","urlTemplate":"https:\/\/chamandyfoundation.org\/?s={search_term_string}"},"query-input":{"@type":"PropertyValueSpecification","valueRequired":true,"valueName":"search_term_string"}}],"inLanguage":"fr-FR"},{"@type":"Organization","@id":"https:\/\/chamandyfoundation.org\/#organization","name":"Chamandy Foundation","url":"https:\/\/chamandyfoundation.org\/","logo":{"@type":"ImageObject","inLanguage":"fr-FR","@id":"https:\/\/chamandyfoundation.org\/#\/schema\/logo\/image\/","url":"https:\/\/chamandyfoundation.org\/wp-content\/uploads\/2025\/06\/logo_color.png","contentUrl":"https:\/\/chamandyfoundation.org\/wp-content\/uploads\/2025\/06\/logo_color.png","width":406,"height":99,"caption":"Chamandy Foundation"},"image":{"@id":"https:\/\/chamandyfoundation.org\/#\/schema\/logo\/image\/"}}]}},"featured_image_src":null,"featured_image_src_square":null,"_links":{"self":[{"href":"https:\/\/chamandyfoundation.org\/fr\/wp-json\/wp\/v2\/pages\/679","targetHints":{"allow":["GET"]}}],"collection":[{"href":"https:\/\/chamandyfoundation.org\/fr\/wp-json\/wp\/v2\/pages"}],"about":[{"href":"https:\/\/chamandyfoundation.org\/fr\/wp-json\/wp\/v2\/types\/page"}],"author":[{"embeddable":true,"href":"https:\/\/chamandyfoundation.org\/fr\/wp-json\/wp\/v2\/users\/1"}],"replies":[{"embeddable":true,"href":"https:\/\/chamandyfoundation.org\/fr\/wp-json\/wp\/v2\/comments?post=679"}],"version-history":[{"count":3,"href":"https:\/\/chamandyfoundation.org\/fr\/wp-json\/wp\/v2\/pages\/679\/revisions"}],"predecessor-version":[{"id":1343,"href":"https:\/\/chamandyfoundation.org\/fr\/wp-json\/wp\/v2\/pages\/679\/revisions\/1343"}],"wp:attachment":[{"href":"https:\/\/chamandyfoundation.org\/fr\/wp-json\/wp\/v2\/media?parent=679"}],"curies":[{"name":"wp","href":"https:\/\/api.w.org\/{rel}","templated":true}]}}