{"id":692,"date":"2025-06-12T16:53:51","date_gmt":"2025-06-12T16:53:51","guid":{"rendered":"https:\/\/chamandyfoundation.org\/funding-opportunities\/"},"modified":"2025-11-20T12:41:10","modified_gmt":"2025-11-20T12:41:10","slug":"possibilites-de-financement","status":"publish","type":"page","link":"https:\/\/chamandyfoundation.org\/fr\/possibilites-de-financement\/","title":{"rendered":"Possibilit\u00e9s de financement"},"content":{"rendered":"\n<section class=\"wp-block-group alignfull hero_small padding_x is-layout-flow wp-block-group-is-layout-flow\">\n<div class=\"wp-block-columns hero_columns is-layout-flex wp-container-core-columns-is-layout-28f84493 wp-block-columns-is-layout-flex\">\n<div class=\"wp-block-column is-vertically-aligned-center right is-layout-flow wp-block-column-is-layout-flow\" style=\"flex-basis:50%\">\n<p class=\"has-text-align-left\"><strong>Subvention<\/strong><\/p>\n\n\n\n<div style=\"height:1.4rem\" aria-hidden=\"true\" class=\"wp-block-spacer\"><\/div>\n\n\n\n<h1 class=\"wp-block-heading has-text-align-left has-nuit-color has-text-color has-link-color wp-elements-80b374026915ee933dcf228d53eb9d4d\">Possibilit\u00e9s de financement<\/h1>\n<\/div>\n\n\n\n<div class=\"wp-block-column is-vertically-aligned-top left is-layout-flow wp-block-column-is-layout-flow\" style=\"flex-basis:50%\">\n<figure class=\"wp-block-image size-large image-fixed-animation\"><img loading=\"lazy\" decoding=\"async\" width=\"989\" height=\"1024\" src=\"https:\/\/chamandyfoundation.org\/wp-content\/uploads\/2025\/06\/hero_image-989x1024.png\" alt=\"\" class=\"wp-image-119\" srcset=\"https:\/\/chamandyfoundation.org\/wp-content\/uploads\/2025\/06\/hero_image-989x1024.png 989w, https:\/\/chamandyfoundation.org\/wp-content\/uploads\/2025\/06\/hero_image-290x300.png 290w, https:\/\/chamandyfoundation.org\/wp-content\/uploads\/2025\/06\/hero_image-768x795.png 768w, https:\/\/chamandyfoundation.org\/wp-content\/uploads\/2025\/06\/hero_image.png 994w\" sizes=\"auto, (max-width: 989px) 100vw, 989px\" \/><\/figure>\n<\/div>\n<\/div>\n<\/section>\n\n\n\n<section class=\"wp-block-group alignfull colors is-layout-flow wp-block-group-is-layout-flow\">\n<div class=\"wp-block-columns alignfull is-not-stacked-on-mobile barre_colors is-layout-flex wp-container-core-columns-is-layout-28f84493 wp-block-columns-is-layout-flex\">\n<div class=\"wp-block-column has-bleu-background-color has-background is-layout-flow wp-block-column-is-layout-flow\" style=\"flex-basis:25%\">\n<div class=\"wp-block-group is-layout-constrained wp-block-group-is-layout-constrained\"><\/div>\n<\/div>\n\n\n\n<div class=\"wp-block-column has-ocean-background-color has-background is-layout-flow wp-block-column-is-layout-flow\" style=\"flex-basis:25%\"><\/div>\n\n\n\n<div class=\"wp-block-column has-vert-background-color has-background is-layout-flow wp-block-column-is-layout-flow\" style=\"flex-basis:25%\"><\/div>\n\n\n\n<div class=\"wp-block-column has-ciel-background-color has-background is-layout-flow wp-block-column-is-layout-flow\" style=\"flex-basis:25%\"><\/div>\n<\/div>\n<\/section>\n\n\n\n<section class=\"wp-block-group alignfull title_text general_padding_double has-blanc-background-color has-background is-layout-flow wp-block-group-is-layout-flow\">\n<h4 class=\"wp-block-heading max_text_left has-nuit-color has-text-color has-link-color wp-elements-2fff0ba478167a7f291896033f68c44a\">Fondation Chamandy lance un appel \u00e0 candidatures une fois par an.<\/h4>\n\n\n\n<div style=\"height:4rem\" aria-hidden=\"true\" class=\"wp-block-spacer\"><\/div>\n\n\n\n<div style=\"height:2rem\" aria-hidden=\"true\" class=\"wp-block-spacer\"><\/div>\n\n\n\n<p class=\"has-nuit-color has-text-color has-link-color has-x-large-font-size wp-elements-4e5456907d0147aa98a27e5cf180358c\"><em><strong>L&rsquo;appel \u00e0 candidatures pour 2026 est termin\u00e9.<\/strong><\/em><\/p>\n\n\n\n<p>Le prochain aura lieu en novembre 2026 pour l&rsquo;ann\u00e9e financi\u00e8re 2027.<\/p>\n\n\n\n<div style=\"height:2rem\" aria-hidden=\"true\" class=\"wp-block-spacer\"><\/div>\n\n\n\n<div style=\"height:10px\" aria-hidden=\"true\" class=\"wp-block-spacer\"><\/div>\n\n\n\n<p>Fondation Chamandy finance des organisations et des programmes qui servent les communaut\u00e9s \u00e0 travers le Canada. Bien que nous collaborions parfois avec des organisations internationales, ces subventions sont accord\u00e9es en fonction des urgences climatiques ou sanitaires, ainsi que des priorit\u00e9s exprim\u00e9es par notre conseil d&rsquo;administration. Les organisations doivent avoir un bureau au Canada et \u00eatre enregistr\u00e9es aupr\u00e8s de l&rsquo;Agence du revenu du Canada.<\/p>\n\n\n\n<div style=\"height:4rem\" aria-hidden=\"true\" class=\"wp-block-spacer\"><\/div>\n<\/section>\n\n\n\n<section class=\"wp-block-group alignfull title_text general_padding_double has-gris-background-color has-background is-layout-flow wp-block-group-is-layout-flow\">\n<h4 class=\"wp-block-heading max_text_left has-nuit-color has-text-color has-link-color wp-elements-86a49c23cab8635fd4e1b79f8a7818c9\"><strong>V\u00e9rifiez votre admissibilit\u00e9<\/strong><\/h4>\n\n\n\n<div style=\"height:4rem\" aria-hidden=\"true\" class=\"wp-block-spacer\"><\/div>\n\n\n\n<p class=\"has-nuit-color has-text-color has-link-color wp-elements-886e60a4aae70dbbc43ad159331ce2f9\">Avant de soumettre une demande, prenez quelques minutes pour remplir notre questionnaire d\u2019admissibilit\u00e9. Cela vous permettra de d\u00e9terminer si votre organisme r\u00e9pond aux crit\u00e8res minimaux de notre prochain appel \u00e0 candidatures.<\/p>\n\n\n\n<div style=\"height:4rem\" aria-hidden=\"true\" class=\"wp-block-spacer\"><\/div>\n\n\n\n<div class=\"wp-block-buttons v1 is-layout-flex wp-block-buttons-is-layout-flex\">\n<div class=\"wp-block-button\"><a class=\"wp-block-button__link wp-element-button\" href=\"https:\/\/chamandyfoundation.org\/fr\/processus-de-subvention\/\">Processus de subvention<\/a><\/div>\n<\/div>\n\n\n\n<div style=\"height:4rem\" aria-hidden=\"true\" class=\"wp-block-spacer\"><\/div>\n<\/section>\n\n\n\n<section class=\"wp-block-group alignfull title_text general_padding_double has-gris-background-color has-background is-layout-flow wp-block-group-is-layout-flow\">\n<h4 class=\"wp-block-heading max_text_left has-nuit-color has-text-color has-link-color wp-elements-547c95b594a16ee3007501d1733bc392\"><strong>Cr\u00e9ez le profil de votre organisme<\/strong><\/h4>\n\n\n\n<div style=\"height:4rem\" aria-hidden=\"true\" class=\"wp-block-spacer\"><\/div>\n\n\n\n<p class=\"has-nuit-color has-text-color has-link-color wp-elements-6042f22b12333394408b1d40147df052\">Pour que votre demande soit prise en consid\u00e9ration, la premi\u00e8re \u00e9tape consiste \u00e0 vous pr\u00e9senter et \u00e0 nous parler de votre organisme.<\/p>\n\n\n\n<div style=\"height:4rem\" aria-hidden=\"true\" class=\"wp-block-spacer\"><\/div>\n\n\n\n<div class=\"wp-block-buttons v1 is-layout-flex wp-block-buttons-is-layout-flex\">\n<div class=\"wp-block-button\"><a class=\"wp-block-button__link wp-element-button\" href=\"https:\/\/chamandyfoundation.org\/fr\/formulaire-de-subvention\/\">Remplissez le questionnaire<\/a><\/div>\n<\/div>\n\n\n\n<div style=\"height:4rem\" aria-hidden=\"true\" class=\"wp-block-spacer\"><\/div>\n\n\n\n<div class=\"wp-block-buttons v1 d-none is-layout-flex wp-block-buttons-is-layout-flex\">\n<div class=\"wp-block-button\"><a class=\"wp-block-button__link wp-element-button\" href=\"https:\/\/chamandyfoundation.org\/fr\/formulaire-de-subvention\/\">Complete The Questionnaire<\/a><\/div>\n<\/div>\n<\/section>\n\n\n\n<section class=\"wp-block-group alignfull half_half d-none has-nuit-background-color has-background is-layout-flow wp-block-group-is-layout-flow\">\n<div class=\"wp-block-columns half_columns is-layout-flex wp-container-core-columns-is-layout-28f84493 wp-block-columns-is-layout-flex\">\n<div class=\"wp-block-column left padding_general is-layout-flow wp-block-column-is-layout-flow\" style=\"flex-basis:50%\">\n<p class=\"has-blanc-color has-text-color has-link-color wp-elements-acc6581593bda17e5e212d2d6cd7c424\">Our vision<\/p>\n\n\n\n<div style=\"height:6rem\" aria-hidden=\"true\" class=\"wp-block-spacer\"><\/div>\n\n\n\n<h4 class=\"wp-block-heading has-blanc-color has-text-color has-link-color wp-elements-ccf3627dd0731b5f0a1728eab686ca9a\">Supporting a brighter, more equitable future for children and youth<\/h4>\n\n\n\n<div style=\"height:4rem\" aria-hidden=\"true\" class=\"wp-block-spacer\"><\/div>\n\n\n\n<p class=\"has-blanc-color has-text-color has-link-color wp-elements-a4c9c0a23fccf7fdde0fde04f7eee20b\">The Foundation actively funds organizations dedicated to improving the lives of children and youth in its community and abroad. We work in solidarity with non-profits that promote education, protection of the environment, alleviation of childhood poverty and the improvement of children\u2019s physical, social and mental well-being.<\/p>\n<\/div>\n\n\n\n<div class=\"wp-block-column right is-layout-flow wp-block-column-is-layout-flow\" style=\"flex-basis:50%\">\n<figure class=\"wp-block-image size-full full_image image-fixed-animation\"><img loading=\"lazy\" decoding=\"async\" width=\"920\" height=\"686\" src=\"https:\/\/chamandyfoundation.org\/wp-content\/uploads\/2025\/06\/Capture-decran-le-2025-06-20-a-12.21.16.png\" alt=\"\" class=\"wp-image-279\" srcset=\"https:\/\/chamandyfoundation.org\/wp-content\/uploads\/2025\/06\/Capture-decran-le-2025-06-20-a-12.21.16.png 920w, https:\/\/chamandyfoundation.org\/wp-content\/uploads\/2025\/06\/Capture-decran-le-2025-06-20-a-12.21.16-300x224.png 300w, https:\/\/chamandyfoundation.org\/wp-content\/uploads\/2025\/06\/Capture-decran-le-2025-06-20-a-12.21.16-768x573.png 768w\" sizes=\"auto, (max-width: 920px) 100vw, 920px\" \/><\/figure>\n<\/div>\n<\/div>\n<\/section>\n\n\n\n<section class=\"wp-block-group alignfull half_half half_reverse d-none has-ciel-background-color has-background is-layout-flow wp-block-group-is-layout-flow\">\n<div class=\"wp-block-columns half_columns is-layout-flex wp-container-core-columns-is-layout-28f84493 wp-block-columns-is-layout-flex\">\n<div class=\"wp-block-column right is-layout-flow wp-block-column-is-layout-flow\" style=\"flex-basis:50%\">\n<figure class=\"wp-block-image size-full full_image image-fixed-animation\"><img loading=\"lazy\" decoding=\"async\" width=\"918\" height=\"682\" src=\"https:\/\/chamandyfoundation.org\/wp-content\/uploads\/2025\/06\/Capture-decran-le-2025-06-20-a-12.21.49.png\" alt=\"\" class=\"wp-image-284\" srcset=\"https:\/\/chamandyfoundation.org\/wp-content\/uploads\/2025\/06\/Capture-decran-le-2025-06-20-a-12.21.49.png 918w, https:\/\/chamandyfoundation.org\/wp-content\/uploads\/2025\/06\/Capture-decran-le-2025-06-20-a-12.21.49-300x223.png 300w, https:\/\/chamandyfoundation.org\/wp-content\/uploads\/2025\/06\/Capture-decran-le-2025-06-20-a-12.21.49-768x571.png 768w\" sizes=\"auto, (max-width: 918px) 100vw, 918px\" \/><\/figure>\n<\/div>\n\n\n\n<div class=\"wp-block-column left padding_general is-layout-flow wp-block-column-is-layout-flow\" style=\"flex-basis:50%\">\n<p class=\"has-blanc-color has-text-color has-link-color wp-elements-acc6581593bda17e5e212d2d6cd7c424\">Our vision<\/p>\n\n\n\n<div style=\"height:6rem\" aria-hidden=\"true\" class=\"wp-block-spacer\"><\/div>\n\n\n\n<h4 class=\"wp-block-heading has-blanc-color has-text-color has-link-color wp-elements-ccf3627dd0731b5f0a1728eab686ca9a\">Supporting a brighter, more equitable future for children and youth<\/h4>\n\n\n\n<div style=\"height:4rem\" aria-hidden=\"true\" class=\"wp-block-spacer\"><\/div>\n\n\n\n<p class=\"has-blanc-color has-text-color has-link-color wp-elements-a4c9c0a23fccf7fdde0fde04f7eee20b\">The Foundation actively funds organizations dedicated to improving the lives of children and youth in its community and abroad. We work in solidarity with non-profits that promote education, protection of the environment, alleviation of childhood poverty and the improvement of children\u2019s physical, social and mental well-being.<\/p>\n<\/div>\n<\/div>\n<\/section>\n\n\n\n<section class=\"wp-block-group alignfull colors is-layout-flow wp-block-group-is-layout-flow\">\n<div class=\"wp-block-columns alignfull is-not-stacked-on-mobile barre_colors is-layout-flex wp-container-core-columns-is-layout-28f84493 wp-block-columns-is-layout-flex\">\n<div class=\"wp-block-column has-bleu-background-color has-background is-layout-flow wp-block-column-is-layout-flow\" style=\"flex-basis:25%\">\n<div class=\"wp-block-group is-layout-constrained wp-block-group-is-layout-constrained\"><\/div>\n<\/div>\n\n\n\n<div class=\"wp-block-column has-ocean-background-color has-background is-layout-flow wp-block-column-is-layout-flow\" style=\"flex-basis:25%\"><\/div>\n\n\n\n<div class=\"wp-block-column has-vert-background-color has-background is-layout-flow wp-block-column-is-layout-flow\" style=\"flex-basis:25%\"><\/div>\n\n\n\n<div class=\"wp-block-column has-ciel-background-color has-background is-layout-flow wp-block-column-is-layout-flow\" style=\"flex-basis:25%\"><\/div>\n<\/div>\n<\/section>\n","protected":false},"excerpt":{"rendered":"<p>Subvention Possibilit\u00e9s de financement Fondation Chamandy lance un appel \u00e0 candidatures une fois par an. L&rsquo;appel \u00e0 candidatures pour 2026 est termin\u00e9. Le prochain aura lieu en novembre 2026 pour l&rsquo;ann\u00e9e financi\u00e8re 2027. Fondation Chamandy finance des organisations et des programmes qui servent les communaut\u00e9s \u00e0 travers le Canada. Bien que nous collaborions parfois avec [&hellip;]<\/p>\n","protected":false},"author":1,"featured_media":0,"parent":0,"menu_order":0,"comment_status":"closed","ping_status":"closed","template":"","meta":{"_acf_changed":false,"inline_featured_image":false,"footnotes":""},"class_list":["post-692","page","type-page","status-publish","hentry"],"acf":[],"yoast_head":"<!-- This site is optimized with the Yoast SEO plugin v27.2 - https:\/\/yoast.com\/product\/yoast-seo-wordpress\/ -->\n<title>Possibilit\u00e9s de financement Fondation Chamandy | Pour les enfants et les jeunes<\/title>\n<meta name=\"description\" content=\"La Fondation Chamandy finance des organismes et des programmes qui servent les communaut\u00e9s \u00e0 travers le Canada.\" \/>\n<meta name=\"robots\" content=\"index, follow, max-snippet:-1, max-image-preview:large, max-video-preview:-1\" \/>\n<link rel=\"canonical\" href=\"https:\/\/chamandyfoundation.org\/fr\/possibilites-de-financement\/\" \/>\n<meta property=\"og:locale\" content=\"fr_FR\" \/>\n<meta property=\"og:type\" content=\"article\" \/>\n<meta property=\"og:title\" content=\"Possibilit\u00e9s de financement Fondation Chamandy | Pour les enfants et les jeunes\" \/>\n<meta property=\"og:description\" content=\"La Fondation Chamandy finance des organismes et des programmes qui servent les communaut\u00e9s \u00e0 travers le Canada.\" \/>\n<meta property=\"og:url\" content=\"https:\/\/chamandyfoundation.org\/fr\/possibilites-de-financement\/\" \/>\n<meta property=\"og:site_name\" content=\"Chamandy Foundation\" \/>\n<meta property=\"article:modified_time\" content=\"2025-11-20T12:41:10+00:00\" \/>\n<meta property=\"og:image\" content=\"https:\/\/chamandyfoundation.org\/wp-content\/uploads\/2025\/06\/hero_image.png\" \/>\n\t<meta property=\"og:image:width\" content=\"994\" \/>\n\t<meta property=\"og:image:height\" content=\"1029\" \/>\n\t<meta property=\"og:image:type\" content=\"image\/png\" \/>\n<meta name=\"twitter:card\" content=\"summary_large_image\" \/>\n<meta name=\"twitter:label1\" content=\"Dur\u00e9e de lecture estim\u00e9e\" \/>\n\t<meta name=\"twitter:data1\" content=\"2 minutes\" \/>\n<script type=\"application\/ld+json\" class=\"yoast-schema-graph\">{\"@context\":\"https:\/\/schema.org\",\"@graph\":[{\"@type\":\"WebPage\",\"@id\":\"https:\/\/chamandyfoundation.org\/fr\/possibilites-de-financement\/\",\"url\":\"https:\/\/chamandyfoundation.org\/fr\/possibilites-de-financement\/\",\"name\":\"Possibilit\u00e9s de financement Fondation Chamandy | Pour les enfants et les jeunes\",\"isPartOf\":{\"@id\":\"https:\/\/chamandyfoundation.org\/#website\"},\"primaryImageOfPage\":{\"@id\":\"https:\/\/chamandyfoundation.org\/fr\/possibilites-de-financement\/#primaryimage\"},\"image\":{\"@id\":\"https:\/\/chamandyfoundation.org\/fr\/possibilites-de-financement\/#primaryimage\"},\"thumbnailUrl\":\"https:\/\/chamandyfoundation.org\/wp-content\/uploads\/2025\/06\/hero_image-989x1024.png\",\"datePublished\":\"2025-06-12T16:53:51+00:00\",\"dateModified\":\"2025-11-20T12:41:10+00:00\",\"description\":\"La Fondation Chamandy finance des organismes et des programmes qui servent les communaut\u00e9s \u00e0 travers le Canada.\",\"breadcrumb\":{\"@id\":\"https:\/\/chamandyfoundation.org\/fr\/possibilites-de-financement\/#breadcrumb\"},\"inLanguage\":\"fr-FR\",\"potentialAction\":[{\"@type\":\"ReadAction\",\"target\":[\"https:\/\/chamandyfoundation.org\/fr\/possibilites-de-financement\/\"]}]},{\"@type\":\"ImageObject\",\"inLanguage\":\"fr-FR\",\"@id\":\"https:\/\/chamandyfoundation.org\/fr\/possibilites-de-financement\/#primaryimage\",\"url\":\"https:\/\/chamandyfoundation.org\/wp-content\/uploads\/2025\/06\/hero_image-989x1024.png\",\"contentUrl\":\"https:\/\/chamandyfoundation.org\/wp-content\/uploads\/2025\/06\/hero_image-989x1024.png\"},{\"@type\":\"BreadcrumbList\",\"@id\":\"https:\/\/chamandyfoundation.org\/fr\/possibilites-de-financement\/#breadcrumb\",\"itemListElement\":[{\"@type\":\"ListItem\",\"position\":1,\"name\":\"Home\",\"item\":\"https:\/\/chamandyfoundation.org\/fr\/\"},{\"@type\":\"ListItem\",\"position\":2,\"name\":\"Possibilit\u00e9s de financement\"}]},{\"@type\":\"WebSite\",\"@id\":\"https:\/\/chamandyfoundation.org\/#website\",\"url\":\"https:\/\/chamandyfoundation.org\/\",\"name\":\"Chamandy Foundation\",\"description\":\"Family foundation for children and youth\",\"publisher\":{\"@id\":\"https:\/\/chamandyfoundation.org\/#organization\"},\"potentialAction\":[{\"@type\":\"SearchAction\",\"target\":{\"@type\":\"EntryPoint\",\"urlTemplate\":\"https:\/\/chamandyfoundation.org\/?s={search_term_string}\"},\"query-input\":{\"@type\":\"PropertyValueSpecification\",\"valueRequired\":true,\"valueName\":\"search_term_string\"}}],\"inLanguage\":\"fr-FR\"},{\"@type\":\"Organization\",\"@id\":\"https:\/\/chamandyfoundation.org\/#organization\",\"name\":\"Chamandy Foundation\",\"url\":\"https:\/\/chamandyfoundation.org\/\",\"logo\":{\"@type\":\"ImageObject\",\"inLanguage\":\"fr-FR\",\"@id\":\"https:\/\/chamandyfoundation.org\/#\/schema\/logo\/image\/\",\"url\":\"https:\/\/chamandyfoundation.org\/wp-content\/uploads\/2025\/06\/logo_color.png\",\"contentUrl\":\"https:\/\/chamandyfoundation.org\/wp-content\/uploads\/2025\/06\/logo_color.png\",\"width\":406,\"height\":99,\"caption\":\"Chamandy Foundation\"},\"image\":{\"@id\":\"https:\/\/chamandyfoundation.org\/#\/schema\/logo\/image\/\"}}]}<\/script>\n<!-- \/ Yoast SEO plugin. -->","yoast_head_json":{"title":"Possibilit\u00e9s de financement Fondation Chamandy | Pour les enfants et les jeunes","description":"La Fondation Chamandy finance des organismes et des programmes qui servent les communaut\u00e9s \u00e0 travers le Canada.","robots":{"index":"index","follow":"follow","max-snippet":"max-snippet:-1","max-image-preview":"max-image-preview:large","max-video-preview":"max-video-preview:-1"},"canonical":"https:\/\/chamandyfoundation.org\/fr\/possibilites-de-financement\/","og_locale":"fr_FR","og_type":"article","og_title":"Possibilit\u00e9s de financement Fondation Chamandy | Pour les enfants et les jeunes","og_description":"La Fondation Chamandy finance des organismes et des programmes qui servent les communaut\u00e9s \u00e0 travers le Canada.","og_url":"https:\/\/chamandyfoundation.org\/fr\/possibilites-de-financement\/","og_site_name":"Chamandy Foundation","article_modified_time":"2025-11-20T12:41:10+00:00","og_image":[{"width":994,"height":1029,"url":"https:\/\/chamandyfoundation.org\/wp-content\/uploads\/2025\/06\/hero_image.png","type":"image\/png"}],"twitter_card":"summary_large_image","twitter_misc":{"Dur\u00e9e de lecture estim\u00e9e":"2 minutes"},"schema":{"@context":"https:\/\/schema.org","@graph":[{"@type":"WebPage","@id":"https:\/\/chamandyfoundation.org\/fr\/possibilites-de-financement\/","url":"https:\/\/chamandyfoundation.org\/fr\/possibilites-de-financement\/","name":"Possibilit\u00e9s de financement Fondation Chamandy | Pour les enfants et les jeunes","isPartOf":{"@id":"https:\/\/chamandyfoundation.org\/#website"},"primaryImageOfPage":{"@id":"https:\/\/chamandyfoundation.org\/fr\/possibilites-de-financement\/#primaryimage"},"image":{"@id":"https:\/\/chamandyfoundation.org\/fr\/possibilites-de-financement\/#primaryimage"},"thumbnailUrl":"https:\/\/chamandyfoundation.org\/wp-content\/uploads\/2025\/06\/hero_image-989x1024.png","datePublished":"2025-06-12T16:53:51+00:00","dateModified":"2025-11-20T12:41:10+00:00","description":"La Fondation Chamandy finance des organismes et des programmes qui servent les communaut\u00e9s \u00e0 travers le Canada.","breadcrumb":{"@id":"https:\/\/chamandyfoundation.org\/fr\/possibilites-de-financement\/#breadcrumb"},"inLanguage":"fr-FR","potentialAction":[{"@type":"ReadAction","target":["https:\/\/chamandyfoundation.org\/fr\/possibilites-de-financement\/"]}]},{"@type":"ImageObject","inLanguage":"fr-FR","@id":"https:\/\/chamandyfoundation.org\/fr\/possibilites-de-financement\/#primaryimage","url":"https:\/\/chamandyfoundation.org\/wp-content\/uploads\/2025\/06\/hero_image-989x1024.png","contentUrl":"https:\/\/chamandyfoundation.org\/wp-content\/uploads\/2025\/06\/hero_image-989x1024.png"},{"@type":"BreadcrumbList","@id":"https:\/\/chamandyfoundation.org\/fr\/possibilites-de-financement\/#breadcrumb","itemListElement":[{"@type":"ListItem","position":1,"name":"Home","item":"https:\/\/chamandyfoundation.org\/fr\/"},{"@type":"ListItem","position":2,"name":"Possibilit\u00e9s de financement"}]},{"@type":"WebSite","@id":"https:\/\/chamandyfoundation.org\/#website","url":"https:\/\/chamandyfoundation.org\/","name":"Chamandy Foundation","description":"Family foundation for children and youth","publisher":{"@id":"https:\/\/chamandyfoundation.org\/#organization"},"potentialAction":[{"@type":"SearchAction","target":{"@type":"EntryPoint","urlTemplate":"https:\/\/chamandyfoundation.org\/?s={search_term_string}"},"query-input":{"@type":"PropertyValueSpecification","valueRequired":true,"valueName":"search_term_string"}}],"inLanguage":"fr-FR"},{"@type":"Organization","@id":"https:\/\/chamandyfoundation.org\/#organization","name":"Chamandy Foundation","url":"https:\/\/chamandyfoundation.org\/","logo":{"@type":"ImageObject","inLanguage":"fr-FR","@id":"https:\/\/chamandyfoundation.org\/#\/schema\/logo\/image\/","url":"https:\/\/chamandyfoundation.org\/wp-content\/uploads\/2025\/06\/logo_color.png","contentUrl":"https:\/\/chamandyfoundation.org\/wp-content\/uploads\/2025\/06\/logo_color.png","width":406,"height":99,"caption":"Chamandy Foundation"},"image":{"@id":"https:\/\/chamandyfoundation.org\/#\/schema\/logo\/image\/"}}]}},"featured_image_src":null,"featured_image_src_square":null,"_links":{"self":[{"href":"https:\/\/chamandyfoundation.org\/fr\/wp-json\/wp\/v2\/pages\/692","targetHints":{"allow":["GET"]}}],"collection":[{"href":"https:\/\/chamandyfoundation.org\/fr\/wp-json\/wp\/v2\/pages"}],"about":[{"href":"https:\/\/chamandyfoundation.org\/fr\/wp-json\/wp\/v2\/types\/page"}],"author":[{"embeddable":true,"href":"https:\/\/chamandyfoundation.org\/fr\/wp-json\/wp\/v2\/users\/1"}],"replies":[{"embeddable":true,"href":"https:\/\/chamandyfoundation.org\/fr\/wp-json\/wp\/v2\/comments?post=692"}],"version-history":[{"count":5,"href":"https:\/\/chamandyfoundation.org\/fr\/wp-json\/wp\/v2\/pages\/692\/revisions"}],"predecessor-version":[{"id":1444,"href":"https:\/\/chamandyfoundation.org\/fr\/wp-json\/wp\/v2\/pages\/692\/revisions\/1444"}],"wp:attachment":[{"href":"https:\/\/chamandyfoundation.org\/fr\/wp-json\/wp\/v2\/media?parent=692"}],"curies":[{"name":"wp","href":"https:\/\/api.w.org\/{rel}","templated":true}]}}