{"id":694,"date":"2025-06-12T16:54:34","date_gmt":"2025-06-12T16:54:34","guid":{"rendered":"https:\/\/chamandyfoundation.org\/granting-history\/"},"modified":"2025-09-22T19:33:02","modified_gmt":"2025-09-22T19:33:02","slug":"historique-des-subventions","status":"publish","type":"page","link":"https:\/\/chamandyfoundation.org\/fr\/historique-des-subventions\/","title":{"rendered":"Historique des subventions"},"content":{"rendered":"\n<section class=\"wp-block-group alignfull hero_small padding_x is-layout-flow wp-block-group-is-layout-flow\">\n<div class=\"wp-block-columns hero_columns is-layout-flex wp-container-core-columns-is-layout-28f84493 wp-block-columns-is-layout-flex\">\n<div class=\"wp-block-column is-vertically-aligned-center right is-layout-flow wp-block-column-is-layout-flow\" style=\"flex-basis:50%\">\n<p class=\"has-text-align-left\"><strong>Subvention<\/strong><\/p>\n\n\n\n<div style=\"height:1.4rem\" aria-hidden=\"true\" class=\"wp-block-spacer\"><\/div>\n\n\n\n<h1 class=\"wp-block-heading has-text-align-left has-nuit-color has-text-color has-link-color wp-elements-0c2748349900092e0b36710fb1551c69\">Historique des subventions<\/h1>\n<\/div>\n\n\n\n<div class=\"wp-block-column is-vertically-aligned-top left is-layout-flow wp-block-column-is-layout-flow\" style=\"flex-basis:50%\">\n<figure class=\"wp-block-image size-large image-fixed-animation\"><img loading=\"lazy\" decoding=\"async\" width=\"989\" height=\"1024\" src=\"https:\/\/chamandyfoundation.org\/wp-content\/uploads\/2025\/06\/hero_image-989x1024.png\" alt=\"\" class=\"wp-image-119\" srcset=\"https:\/\/chamandyfoundation.org\/wp-content\/uploads\/2025\/06\/hero_image-989x1024.png 989w, https:\/\/chamandyfoundation.org\/wp-content\/uploads\/2025\/06\/hero_image-290x300.png 290w, https:\/\/chamandyfoundation.org\/wp-content\/uploads\/2025\/06\/hero_image-768x795.png 768w, https:\/\/chamandyfoundation.org\/wp-content\/uploads\/2025\/06\/hero_image.png 994w\" sizes=\"auto, (max-width: 989px) 100vw, 989px\" \/><\/figure>\n<\/div>\n<\/div>\n<\/section>\n\n\n\n<section class=\"wp-block-group alignfull colors is-layout-flow wp-block-group-is-layout-flow\">\n<div class=\"wp-block-columns alignfull is-not-stacked-on-mobile barre_colors is-layout-flex wp-container-core-columns-is-layout-28f84493 wp-block-columns-is-layout-flex\">\n<div class=\"wp-block-column has-bleu-background-color has-background is-layout-flow wp-block-column-is-layout-flow\" style=\"flex-basis:25%\">\n<div class=\"wp-block-group is-layout-constrained wp-block-group-is-layout-constrained\"><\/div>\n<\/div>\n\n\n\n<div class=\"wp-block-column has-ocean-background-color has-background is-layout-flow wp-block-column-is-layout-flow\" style=\"flex-basis:25%\"><\/div>\n\n\n\n<div class=\"wp-block-column has-vert-background-color has-background is-layout-flow wp-block-column-is-layout-flow\" style=\"flex-basis:25%\"><\/div>\n\n\n\n<div class=\"wp-block-column has-ciel-background-color has-background is-layout-flow wp-block-column-is-layout-flow\" style=\"flex-basis:25%\"><\/div>\n<\/div>\n<\/section>\n\n\n\n<section class=\"wp-block-group alignfull title_text general_padding_double has-nuit-background-color has-background is-layout-flow wp-block-group-is-layout-flow\">\n<h4 class=\"wp-block-heading max_content_text_button has-blanc-color has-text-color has-link-color wp-elements-87c51253dee2e808d6360b231d08b157\"><strong>Notre engagement au fil des ans<\/strong><\/h4>\n\n\n\n<div style=\"height:4rem\" aria-hidden=\"true\" class=\"wp-block-spacer\"><\/div>\n\n\n\n<p class=\"has-blanc-color has-text-color has-link-color wp-elements-0a92c885651ec32109e8efc619b5730c\">D\u00e9couvrez comment nos subventions ont soutenu les communaut\u00e9s et inspir\u00e9 des changements positifs.<\/p>\n<\/section>\n\n\n\n<section class=\"wp-block-group alignfull subventions padding_general is-layout-flow wp-block-group-is-layout-flow\"><div class=\"subventions_complet\">\n    <div class=\"content_grid\">\n        <div class=\"bar_search\">\n            <div id=\"searchForm\" class=\"search-container\">\n                <input type=\"text\" id=\"searchInput\" name=\"search\"\n                    placeholder=\"Trouver un partenaire\">\n                <button type=\"button\" id=\"searchButton\">\n                    <svg class=\"icon-loupe\" height=\"100%\" viewBox=\"0 0 32 32\" xmlns=\"http:\/\/www.w3.org\/2000\/svg\">\n                        <path\n                            d=\"M10.772,19.814l-7.479,7.479c-0.39,0.39 -0.39,1.024 -0,1.414c0.39,0.39 1.024,0.39 1.414,0l7.579,-7.579c1.629,1.149 3.615,1.825 5.757,1.825c5.52,-0 10,-4.481 10,-10c0,-5.52 -4.48,-10 -10,-10c-5.519,-0 -10,4.48 -10,10c0,2.655 1.038,5.07 2.729,6.861Zm7.271,-14.861c4.416,-0 8,3.584 8,8c0,4.415 -3.584,8 -8,8c-4.415,-0 -8,-3.585 -8,-8c0,-4.416 3.585,-8 8,-8Z\"\n                            fill=\"#193C5D\" \/>\n                    <\/svg>\n                <\/button>\n            <\/div>\n        <\/div>\n        <div class=\"dropdowns\" id=\"blogue_category\" data-tax=\"blogue_category\">\n            <button id=\"openDropdown\" class=\"flex\">\n                <span class=\"current\">Filtrer les subventions<\/span>\n                <svg xmlns=\"http:\/\/www.w3.org\/2000\/svg\" width=\"9.4\" height=\"6.1\" viewBox=\"0 0 9.4 6.1\">\n                    <path id=\"Trac\u00e9_2393\" data-name=\"Trac\u00e9 2393\" d=\"M4.7,6.1,0,1.4,1.4,0,4.7,3.3,8,0,9.4,1.4Z\"\n                        fill=\"#193c5d\" \/>\n                <\/svg>\n            <\/button>\n            <div class=\"dropdownItself\">\n                <div class=\"eachDropdown\" data-id=\"\">Toutes les subventions<\/div>\n                                <div class=\"eachDropdown\" data-id=\"27\">\u00c9ducation engag\u00e9e<\/div>\n                                <div class=\"eachDropdown\" data-id=\"28\">Logement s\u00fbr<\/div>\n                                <div class=\"eachDropdown\" data-id=\"29\">Communaut\u00e9s bienveillantes<\/div>\n                                <div class=\"eachDropdown\" data-id=\"30\">Corps et esprit sains<\/div>\n                                <div class=\"eachDropdown\" data-id=\"32\">2025<\/div>\n                                <div class=\"eachDropdown\" data-id=\"33\">2024<\/div>\n                            <\/div>\n        <\/div>\n    <\/div>\n        <div class=\"subventions_container\">\n        \n<div class=\"single-subvention animate\">\n\n        <a class=\"top\" href=\"https:\/\/elsipogtogschool.ca\/\" target=\"_self\">\n        \n            <figure class=\"zoomn\">\n                <img loading=\"lazy\" decoding=\"async\" width=\"1065\" height=\"1064\" src=\"https:\/\/chamandyfoundation.org\/wp-content\/uploads\/2025\/06\/Elsipogtog-First-Nation-School_logo.png\" class=\"attachment-post-thumbnail size-post-thumbnail wp-post-image\" alt=\"\" srcset=\"https:\/\/chamandyfoundation.org\/wp-content\/uploads\/2025\/06\/Elsipogtog-First-Nation-School_logo.png 1065w, https:\/\/chamandyfoundation.org\/wp-content\/uploads\/2025\/06\/Elsipogtog-First-Nation-School_logo-300x300.png 300w, https:\/\/chamandyfoundation.org\/wp-content\/uploads\/2025\/06\/Elsipogtog-First-Nation-School_logo-1024x1024.png 1024w, https:\/\/chamandyfoundation.org\/wp-content\/uploads\/2025\/06\/Elsipogtog-First-Nation-School_logo-150x150.png 150w, https:\/\/chamandyfoundation.org\/wp-content\/uploads\/2025\/06\/Elsipogtog-First-Nation-School_logo-768x767.png 768w, https:\/\/chamandyfoundation.org\/wp-content\/uploads\/2025\/06\/Elsipogtog-First-Nation-School_logo-600x600.png 600w\" sizes=\"auto, (max-width: 1065px) 100vw, 1065px\" \/>            <\/figure>\n\n            <\/a>\n            <div class=\"text_item\">\n                <h5 class=\"textbgy\">Elsipogtog First Nation School<\/h5>\n                <p id=\"texto_1266\">\n                    80 000 $ sur 2 ans pour soutenir le programme de petit-d\u00e9jeuner et d\u00e9jeuner \u00e0 l\u2019\u00e9cole. (Nouveau-Brunswick &#8211; 2025)                <\/p>\n            <\/div>\n        <\/div>\n\n        \n<div class=\"single-subvention animate\">\n\n        <a class=\"top\" href=\"https:\/\/dcn450.com\/\" target=\"_self\">\n        \n            <figure class=\"zoomn\">\n                <img loading=\"lazy\" decoding=\"async\" width=\"1500\" height=\"1500\" src=\"https:\/\/chamandyfoundation.org\/wp-content\/uploads\/2025\/06\/Driftpile-Cree-Nation_logo.png\" class=\"attachment-post-thumbnail size-post-thumbnail wp-post-image\" alt=\"\" srcset=\"https:\/\/chamandyfoundation.org\/wp-content\/uploads\/2025\/06\/Driftpile-Cree-Nation_logo.png 1500w, https:\/\/chamandyfoundation.org\/wp-content\/uploads\/2025\/06\/Driftpile-Cree-Nation_logo-300x300.png 300w, https:\/\/chamandyfoundation.org\/wp-content\/uploads\/2025\/06\/Driftpile-Cree-Nation_logo-1024x1024.png 1024w, https:\/\/chamandyfoundation.org\/wp-content\/uploads\/2025\/06\/Driftpile-Cree-Nation_logo-150x150.png 150w, https:\/\/chamandyfoundation.org\/wp-content\/uploads\/2025\/06\/Driftpile-Cree-Nation_logo-768x768.png 768w, https:\/\/chamandyfoundation.org\/wp-content\/uploads\/2025\/06\/Driftpile-Cree-Nation_logo-600x600.png 600w\" sizes=\"auto, (max-width: 1500px) 100vw, 1500px\" \/>            <\/figure>\n\n            <\/a>\n            <div class=\"text_item\">\n                <h5 class=\"textbgy\">Driftpile Cree Nation<\/h5>\n                <p id=\"texto_1265\">\n                    50 000 $ pour soutenir la r\u00e9novation du centre de loisirs pour jeunes. (Alberta &#8211; 2025)                <\/p>\n            <\/div>\n        <\/div>\n\n        \n<div class=\"single-subvention animate\">\n\n        <a class=\"top\" href=\"https:\/\/reseaucfer.ca\/en\/\" target=\"_self\">\n        \n            <figure class=\"zoomn\">\n                <img loading=\"lazy\" decoding=\"async\" width=\"613\" height=\"253\" src=\"https:\/\/chamandyfoundation.org\/wp-content\/uploads\/2025\/06\/Reseau-Fondation-CFER_logo-1.jpg\" class=\"attachment-post-thumbnail size-post-thumbnail wp-post-image\" alt=\"\" srcset=\"https:\/\/chamandyfoundation.org\/wp-content\/uploads\/2025\/06\/Reseau-Fondation-CFER_logo-1.jpg 613w, https:\/\/chamandyfoundation.org\/wp-content\/uploads\/2025\/06\/Reseau-Fondation-CFER_logo-1-300x124.jpg 300w\" sizes=\"auto, (max-width: 613px) 100vw, 613px\" \/>            <\/figure>\n\n            <\/a>\n            <div class=\"text_item\">\n                <h5 class=\"textbgy\">R\u00e9seau qu\u00e9b\u00e9cois des CFER \/ Fondation CFER<\/h5>\n                <p id=\"texto_1264\">\n                    25 000 $ pour le financement de la mission. (Qu\u00e9bec &#8211; 2025)                <\/p>\n            <\/div>\n        <\/div>\n\n            <\/div>\n<\/div>\n<\/section>\n","protected":false},"excerpt":{"rendered":"<p>Subvention Historique des subventions Notre engagement au fil des ans D\u00e9couvrez comment nos subventions ont soutenu les communaut\u00e9s et inspir\u00e9 des changements positifs.<\/p>\n","protected":false},"author":1,"featured_media":0,"parent":0,"menu_order":0,"comment_status":"closed","ping_status":"closed","template":"","meta":{"_acf_changed":false,"inline_featured_image":false,"footnotes":""},"class_list":["post-694","page","type-page","status-publish","hentry"],"acf":[],"yoast_head":"<!-- This site is optimized with the Yoast SEO plugin v27.2 - https:\/\/yoast.com\/product\/yoast-seo-wordpress\/ -->\n<title>Historique des subventions Fondation Chamandy | Pour les enfants et les jeunes<\/title>\n<meta name=\"description\" content=\"D\u00e9couvrez comment nos aides ont soutenu les communaut\u00e9s et inspir\u00e9 un changement positif.\" \/>\n<meta name=\"robots\" content=\"index, follow, max-snippet:-1, max-image-preview:large, max-video-preview:-1\" \/>\n<link rel=\"canonical\" href=\"https:\/\/chamandyfoundation.org\/fr\/historique-des-subventions\/\" \/>\n<meta property=\"og:locale\" content=\"fr_FR\" \/>\n<meta property=\"og:type\" content=\"article\" \/>\n<meta property=\"og:title\" content=\"Historique des subventions Fondation Chamandy | Pour les enfants et les jeunes\" \/>\n<meta property=\"og:description\" content=\"D\u00e9couvrez comment nos aides ont soutenu les communaut\u00e9s et inspir\u00e9 un changement positif.\" \/>\n<meta property=\"og:url\" content=\"https:\/\/chamandyfoundation.org\/fr\/historique-des-subventions\/\" \/>\n<meta property=\"og:site_name\" content=\"Chamandy Foundation\" \/>\n<meta property=\"article:modified_time\" content=\"2025-09-22T19:33:02+00:00\" \/>\n<meta property=\"og:image\" content=\"https:\/\/chamandyfoundation.org\/wp-content\/uploads\/2025\/06\/hero_image.png\" \/>\n\t<meta property=\"og:image:width\" content=\"994\" \/>\n\t<meta property=\"og:image:height\" content=\"1029\" \/>\n\t<meta property=\"og:image:type\" content=\"image\/png\" \/>\n<meta name=\"twitter:card\" content=\"summary_large_image\" \/>\n<meta name=\"twitter:label1\" content=\"Dur\u00e9e de lecture estim\u00e9e\" \/>\n\t<meta name=\"twitter:data1\" content=\"1 minute\" \/>\n<script type=\"application\/ld+json\" class=\"yoast-schema-graph\">{\"@context\":\"https:\/\/schema.org\",\"@graph\":[{\"@type\":\"WebPage\",\"@id\":\"https:\/\/chamandyfoundation.org\/fr\/historique-des-subventions\/\",\"url\":\"https:\/\/chamandyfoundation.org\/fr\/historique-des-subventions\/\",\"name\":\"Historique des subventions Fondation Chamandy | Pour les enfants et les jeunes\",\"isPartOf\":{\"@id\":\"https:\/\/chamandyfoundation.org\/#website\"},\"primaryImageOfPage\":{\"@id\":\"https:\/\/chamandyfoundation.org\/fr\/historique-des-subventions\/#primaryimage\"},\"image\":{\"@id\":\"https:\/\/chamandyfoundation.org\/fr\/historique-des-subventions\/#primaryimage\"},\"thumbnailUrl\":\"https:\/\/chamandyfoundation.org\/wp-content\/uploads\/2025\/06\/hero_image-989x1024.png\",\"datePublished\":\"2025-06-12T16:54:34+00:00\",\"dateModified\":\"2025-09-22T19:33:02+00:00\",\"description\":\"D\u00e9couvrez comment nos aides ont soutenu les communaut\u00e9s et inspir\u00e9 un changement positif.\",\"breadcrumb\":{\"@id\":\"https:\/\/chamandyfoundation.org\/fr\/historique-des-subventions\/#breadcrumb\"},\"inLanguage\":\"fr-FR\",\"potentialAction\":[{\"@type\":\"ReadAction\",\"target\":[\"https:\/\/chamandyfoundation.org\/fr\/historique-des-subventions\/\"]}]},{\"@type\":\"ImageObject\",\"inLanguage\":\"fr-FR\",\"@id\":\"https:\/\/chamandyfoundation.org\/fr\/historique-des-subventions\/#primaryimage\",\"url\":\"https:\/\/chamandyfoundation.org\/wp-content\/uploads\/2025\/06\/hero_image-989x1024.png\",\"contentUrl\":\"https:\/\/chamandyfoundation.org\/wp-content\/uploads\/2025\/06\/hero_image-989x1024.png\"},{\"@type\":\"BreadcrumbList\",\"@id\":\"https:\/\/chamandyfoundation.org\/fr\/historique-des-subventions\/#breadcrumb\",\"itemListElement\":[{\"@type\":\"ListItem\",\"position\":1,\"name\":\"Home\",\"item\":\"https:\/\/chamandyfoundation.org\/fr\/\"},{\"@type\":\"ListItem\",\"position\":2,\"name\":\"Historique des subventions\"}]},{\"@type\":\"WebSite\",\"@id\":\"https:\/\/chamandyfoundation.org\/#website\",\"url\":\"https:\/\/chamandyfoundation.org\/\",\"name\":\"Chamandy Foundation\",\"description\":\"Family foundation for children and youth\",\"publisher\":{\"@id\":\"https:\/\/chamandyfoundation.org\/#organization\"},\"potentialAction\":[{\"@type\":\"SearchAction\",\"target\":{\"@type\":\"EntryPoint\",\"urlTemplate\":\"https:\/\/chamandyfoundation.org\/?s={search_term_string}\"},\"query-input\":{\"@type\":\"PropertyValueSpecification\",\"valueRequired\":true,\"valueName\":\"search_term_string\"}}],\"inLanguage\":\"fr-FR\"},{\"@type\":\"Organization\",\"@id\":\"https:\/\/chamandyfoundation.org\/#organization\",\"name\":\"Chamandy Foundation\",\"url\":\"https:\/\/chamandyfoundation.org\/\",\"logo\":{\"@type\":\"ImageObject\",\"inLanguage\":\"fr-FR\",\"@id\":\"https:\/\/chamandyfoundation.org\/#\/schema\/logo\/image\/\",\"url\":\"https:\/\/chamandyfoundation.org\/wp-content\/uploads\/2025\/06\/logo_color.png\",\"contentUrl\":\"https:\/\/chamandyfoundation.org\/wp-content\/uploads\/2025\/06\/logo_color.png\",\"width\":406,\"height\":99,\"caption\":\"Chamandy Foundation\"},\"image\":{\"@id\":\"https:\/\/chamandyfoundation.org\/#\/schema\/logo\/image\/\"}}]}<\/script>\n<!-- \/ Yoast SEO plugin. -->","yoast_head_json":{"title":"Historique des subventions Fondation Chamandy | Pour les enfants et les jeunes","description":"D\u00e9couvrez comment nos aides ont soutenu les communaut\u00e9s et inspir\u00e9 un changement positif.","robots":{"index":"index","follow":"follow","max-snippet":"max-snippet:-1","max-image-preview":"max-image-preview:large","max-video-preview":"max-video-preview:-1"},"canonical":"https:\/\/chamandyfoundation.org\/fr\/historique-des-subventions\/","og_locale":"fr_FR","og_type":"article","og_title":"Historique des subventions Fondation Chamandy | Pour les enfants et les jeunes","og_description":"D\u00e9couvrez comment nos aides ont soutenu les communaut\u00e9s et inspir\u00e9 un changement positif.","og_url":"https:\/\/chamandyfoundation.org\/fr\/historique-des-subventions\/","og_site_name":"Chamandy Foundation","article_modified_time":"2025-09-22T19:33:02+00:00","og_image":[{"width":994,"height":1029,"url":"https:\/\/chamandyfoundation.org\/wp-content\/uploads\/2025\/06\/hero_image.png","type":"image\/png"}],"twitter_card":"summary_large_image","twitter_misc":{"Dur\u00e9e de lecture estim\u00e9e":"1 minute"},"schema":{"@context":"https:\/\/schema.org","@graph":[{"@type":"WebPage","@id":"https:\/\/chamandyfoundation.org\/fr\/historique-des-subventions\/","url":"https:\/\/chamandyfoundation.org\/fr\/historique-des-subventions\/","name":"Historique des subventions Fondation Chamandy | Pour les enfants et les jeunes","isPartOf":{"@id":"https:\/\/chamandyfoundation.org\/#website"},"primaryImageOfPage":{"@id":"https:\/\/chamandyfoundation.org\/fr\/historique-des-subventions\/#primaryimage"},"image":{"@id":"https:\/\/chamandyfoundation.org\/fr\/historique-des-subventions\/#primaryimage"},"thumbnailUrl":"https:\/\/chamandyfoundation.org\/wp-content\/uploads\/2025\/06\/hero_image-989x1024.png","datePublished":"2025-06-12T16:54:34+00:00","dateModified":"2025-09-22T19:33:02+00:00","description":"D\u00e9couvrez comment nos aides ont soutenu les communaut\u00e9s et inspir\u00e9 un changement positif.","breadcrumb":{"@id":"https:\/\/chamandyfoundation.org\/fr\/historique-des-subventions\/#breadcrumb"},"inLanguage":"fr-FR","potentialAction":[{"@type":"ReadAction","target":["https:\/\/chamandyfoundation.org\/fr\/historique-des-subventions\/"]}]},{"@type":"ImageObject","inLanguage":"fr-FR","@id":"https:\/\/chamandyfoundation.org\/fr\/historique-des-subventions\/#primaryimage","url":"https:\/\/chamandyfoundation.org\/wp-content\/uploads\/2025\/06\/hero_image-989x1024.png","contentUrl":"https:\/\/chamandyfoundation.org\/wp-content\/uploads\/2025\/06\/hero_image-989x1024.png"},{"@type":"BreadcrumbList","@id":"https:\/\/chamandyfoundation.org\/fr\/historique-des-subventions\/#breadcrumb","itemListElement":[{"@type":"ListItem","position":1,"name":"Home","item":"https:\/\/chamandyfoundation.org\/fr\/"},{"@type":"ListItem","position":2,"name":"Historique des subventions"}]},{"@type":"WebSite","@id":"https:\/\/chamandyfoundation.org\/#website","url":"https:\/\/chamandyfoundation.org\/","name":"Chamandy Foundation","description":"Family foundation for children and youth","publisher":{"@id":"https:\/\/chamandyfoundation.org\/#organization"},"potentialAction":[{"@type":"SearchAction","target":{"@type":"EntryPoint","urlTemplate":"https:\/\/chamandyfoundation.org\/?s={search_term_string}"},"query-input":{"@type":"PropertyValueSpecification","valueRequired":true,"valueName":"search_term_string"}}],"inLanguage":"fr-FR"},{"@type":"Organization","@id":"https:\/\/chamandyfoundation.org\/#organization","name":"Chamandy Foundation","url":"https:\/\/chamandyfoundation.org\/","logo":{"@type":"ImageObject","inLanguage":"fr-FR","@id":"https:\/\/chamandyfoundation.org\/#\/schema\/logo\/image\/","url":"https:\/\/chamandyfoundation.org\/wp-content\/uploads\/2025\/06\/logo_color.png","contentUrl":"https:\/\/chamandyfoundation.org\/wp-content\/uploads\/2025\/06\/logo_color.png","width":406,"height":99,"caption":"Chamandy Foundation"},"image":{"@id":"https:\/\/chamandyfoundation.org\/#\/schema\/logo\/image\/"}}]}},"featured_image_src":null,"featured_image_src_square":null,"_links":{"self":[{"href":"https:\/\/chamandyfoundation.org\/fr\/wp-json\/wp\/v2\/pages\/694","targetHints":{"allow":["GET"]}}],"collection":[{"href":"https:\/\/chamandyfoundation.org\/fr\/wp-json\/wp\/v2\/pages"}],"about":[{"href":"https:\/\/chamandyfoundation.org\/fr\/wp-json\/wp\/v2\/types\/page"}],"author":[{"embeddable":true,"href":"https:\/\/chamandyfoundation.org\/fr\/wp-json\/wp\/v2\/users\/1"}],"replies":[{"embeddable":true,"href":"https:\/\/chamandyfoundation.org\/fr\/wp-json\/wp\/v2\/comments?post=694"}],"version-history":[{"count":1,"href":"https:\/\/chamandyfoundation.org\/fr\/wp-json\/wp\/v2\/pages\/694\/revisions"}],"predecessor-version":[{"id":1642,"href":"https:\/\/chamandyfoundation.org\/fr\/wp-json\/wp\/v2\/pages\/694\/revisions\/1642"}],"wp:attachment":[{"href":"https:\/\/chamandyfoundation.org\/fr\/wp-json\/wp\/v2\/media?parent=694"}],"curies":[{"name":"wp","href":"https:\/\/api.w.org\/{rel}","templated":true}]}}