{"id":695,"date":"2025-06-12T16:54:46","date_gmt":"2025-06-12T16:54:46","guid":{"rendered":"https:\/\/chamandyfoundation.org\/faq\/"},"modified":"2025-09-22T19:31:40","modified_gmt":"2025-09-22T19:31:40","slug":"faq","status":"publish","type":"page","link":"https:\/\/chamandyfoundation.org\/fr\/faq\/","title":{"rendered":"FAQ"},"content":{"rendered":"\n<section class=\"wp-block-group alignfull hero_small padding_x is-layout-flow wp-block-group-is-layout-flow\">\n<div class=\"wp-block-columns hero_columns is-layout-flex wp-container-core-columns-is-layout-28f84493 wp-block-columns-is-layout-flex\">\n<div class=\"wp-block-column is-vertically-aligned-center right is-layout-flow wp-block-column-is-layout-flow\" style=\"flex-basis:50%\">\n<p class=\"has-text-align-left\"><strong>Subvention<\/strong><\/p>\n\n\n\n<div style=\"height:1.4rem\" aria-hidden=\"true\" class=\"wp-block-spacer\"><\/div>\n\n\n\n<h1 class=\"wp-block-heading has-text-align-left has-nuit-color has-text-color has-link-color wp-elements-ffc71409b49192be0853000edb61a65e\">FAQ<\/h1>\n<\/div>\n\n\n\n<div class=\"wp-block-column is-vertically-aligned-top left is-layout-flow wp-block-column-is-layout-flow\" style=\"flex-basis:50%\">\n<figure class=\"wp-block-image size-large image-fixed-animation\"><img loading=\"lazy\" decoding=\"async\" width=\"989\" height=\"1024\" src=\"https:\/\/chamandyfoundation.org\/wp-content\/uploads\/2025\/06\/hero_image-989x1024.png\" alt=\"\" class=\"wp-image-119\" srcset=\"https:\/\/chamandyfoundation.org\/wp-content\/uploads\/2025\/06\/hero_image-989x1024.png 989w, https:\/\/chamandyfoundation.org\/wp-content\/uploads\/2025\/06\/hero_image-290x300.png 290w, https:\/\/chamandyfoundation.org\/wp-content\/uploads\/2025\/06\/hero_image-768x795.png 768w, https:\/\/chamandyfoundation.org\/wp-content\/uploads\/2025\/06\/hero_image.png 994w\" sizes=\"auto, (max-width: 989px) 100vw, 989px\" \/><\/figure>\n<\/div>\n<\/div>\n<\/section>\n\n\n\n<section class=\"wp-block-group alignfull colors is-layout-flow wp-block-group-is-layout-flow\">\n<div class=\"wp-block-columns alignfull is-not-stacked-on-mobile barre_colors is-layout-flex wp-container-core-columns-is-layout-28f84493 wp-block-columns-is-layout-flex\">\n<div class=\"wp-block-column has-bleu-background-color has-background is-layout-flow wp-block-column-is-layout-flow\" style=\"flex-basis:25%\">\n<div class=\"wp-block-group is-layout-constrained wp-block-group-is-layout-constrained\"><\/div>\n<\/div>\n\n\n\n<div class=\"wp-block-column has-ocean-background-color has-background is-layout-flow wp-block-column-is-layout-flow\" style=\"flex-basis:25%\"><\/div>\n\n\n\n<div class=\"wp-block-column has-vert-background-color has-background is-layout-flow wp-block-column-is-layout-flow\" style=\"flex-basis:25%\"><\/div>\n\n\n\n<div class=\"wp-block-column has-ciel-background-color has-background is-layout-flow wp-block-column-is-layout-flow\" style=\"flex-basis:25%\"><\/div>\n<\/div>\n<\/section>\n\n\n\n<section class=\"wp-block-group alignfull title_text general_padding_double has-nuit-background-color has-background is-layout-flow wp-block-group-is-layout-flow\">\n<h4 class=\"wp-block-heading max_content_text_button has-blanc-color has-text-color has-link-color wp-elements-923e2d197522bde6249a570273fd39b7\">Foire aux questions<\/h4>\n\n\n\n<div style=\"height:4rem\" aria-hidden=\"true\" class=\"wp-block-spacer\"><\/div>\n\n\n\n<p class=\"has-blanc-color has-text-color has-link-color wp-elements-e16d49951b1c1e9202b5021bb4db53ec\">Retrouvez ici les r\u00e9ponses aux questions les plus fr\u00e9quentes sur notre processus de demande, les crit\u00e8res d\u2019admissibilit\u00e9 et notre collaboration avec les organisations partenaires.<\/p>\n<\/section>\n\n\n\n<section class=\"wp-block-group alignfull container_accordeon padding_general has-blanc-background-color has-background is-layout-constrained wp-block-group-is-layout-constrained\">\r\n<div class=\"accordion align wp-block-acf-accordion-faq\">\r\n    <button class=\"accordionToggle\">\r\n        <span class=\"title\">Quels types d\u2019organisations la Fondation Chamandy appuie-t-elle ?<\/span>\r\n        <svg xmlns=\"http:\/\/www.w3.org\/2000\/svg\" width=\"27\" height=\"27\" viewBox=\"0 0 27 27\">\r\n            <path id=\"Trac\u00e9_10\" data-name=\"Trac\u00e9 10\"\r\n                d=\"M13.5,0,11.045,2.455l9.292,9.292H0v3.506H20.338l-9.292,9.292L13.5,27,27,13.5Z\"\r\n                transform=\"translate(27) rotate(90)\" fill=\"#72919a\" \/>\r\n        <\/svg>\r\n    <\/button>\r\n    <div class=\"accordionContent\">\r\n        N\u2019h\u00e9sitez pas \u00e0 consulter la section Historique des subventions de notre site web pour voir des exemples d\u2019organisations avec lesquelles nous avons collabor\u00e9 par le pass\u00e9, ainsi que l\u2019objet et les montants des financements.    <\/div>\r\n<\/div>\r\n<div class=\"accordion align wp-block-acf-accordion-faq\">\r\n    <button class=\"accordionToggle\">\r\n        <span class=\"title\">Je suis une organisation \u00e9tablie en C.-B. et\/ou en Ontario. Suis-je admissible \u00e0 pr\u00e9senter une demande ?<\/span>\r\n        <svg xmlns=\"http:\/\/www.w3.org\/2000\/svg\" width=\"27\" height=\"27\" viewBox=\"0 0 27 27\">\r\n            <path id=\"Trac\u00e9_10\" data-name=\"Trac\u00e9 10\"\r\n                d=\"M13.5,0,11.045,2.455l9.292,9.292H0v3.506H20.338l-9.292,9.292L13.5,27,27,13.5Z\"\r\n                transform=\"translate(27) rotate(90)\" fill=\"#72919a\" \/>\r\n        <\/svg>\r\n    <\/button>\r\n    <div class=\"accordionContent\">\r\n        \u2022 Bien que nous reconnaissions le travail pr\u00e9cieux r\u00e9alis\u00e9 dans ces provinces, celles-ci b\u00e9n\u00e9ficient d\u2019un bassin de possibilit\u00e9s de financement plus large que d\u2019autres provinces. Notre fondation vise \u00e0 privil\u00e9gier les r\u00e9gions o\u00f9 l\u2019acc\u00e8s au financement est plus limit\u00e9.<br \/>\r\n<br \/>\r\n\u2022 Toutefois, nous acceptons les demandes d\u2019organisations \u00e9tablies en C.-B. et en Ontario si leur travail a une port\u00e9e nationale ou rejoint des communaut\u00e9s \u00e0 travers le Canada. De plus, nous accueillons favorablement les demandes des organisations autochtones, quel que soit leur emplacement.    <\/div>\r\n<\/div>\r\n<div class=\"accordion align wp-block-acf-accordion-faq\">\r\n    <button class=\"accordionToggle\">\r\n        <span class=\"title\">Acceptons-nous les demandes provenant d\u2019organisations non enregistr\u00e9es, c.-\u00e0-d. sans statut d\u2019organisme de bienfaisance ?<\/span>\r\n        <svg xmlns=\"http:\/\/www.w3.org\/2000\/svg\" width=\"27\" height=\"27\" viewBox=\"0 0 27 27\">\r\n            <path id=\"Trac\u00e9_10\" data-name=\"Trac\u00e9 10\"\r\n                d=\"M13.5,0,11.045,2.455l9.292,9.292H0v3.506H20.338l-9.292,9.292L13.5,27,27,13.5Z\"\r\n                transform=\"translate(27) rotate(90)\" fill=\"#72919a\" \/>\r\n        <\/svg>\r\n    <\/button>\r\n    <div class=\"accordionContent\">\r\n        Oui, nous acceptons les demandes de ce type d\u2019organisations, \u00e0 condition qu\u2019elles r\u00e9pondent \u00e0 nos crit\u00e8res d\u2019admissibilit\u00e9 g\u00e9n\u00e9raux (\u00eatre bas\u00e9es au Canada, exister depuis au moins deux ans, etc.).    <\/div>\r\n<\/div>\r\n<div class=\"accordion align wp-block-acf-accordion-faq\">\r\n    <button class=\"accordionToggle\">\r\n        <span class=\"title\">Puis-je soumettre une demande oralement ?<\/span>\r\n        <svg xmlns=\"http:\/\/www.w3.org\/2000\/svg\" width=\"27\" height=\"27\" viewBox=\"0 0 27 27\">\r\n            <path id=\"Trac\u00e9_10\" data-name=\"Trac\u00e9 10\"\r\n                d=\"M13.5,0,11.045,2.455l9.292,9.292H0v3.506H20.338l-9.292,9.292L13.5,27,27,13.5Z\"\r\n                transform=\"translate(27) rotate(90)\" fill=\"#72919a\" \/>\r\n        <\/svg>\r\n    <\/button>\r\n    <div class=\"accordionContent\">\r\n        Oui, veuillez nous contacter \u00e0 l\u2019adresse info@chamandyfoundation.org<br \/>\r\n pour recevoir les instructions.    <\/div>\r\n<\/div>\r\n<div class=\"accordion align wp-block-acf-accordion-faq\">\r\n    <button class=\"accordionToggle\">\r\n        <span class=\"title\">Quand puis-je m\u2019attendre \u00e0 recevoir une mise \u00e0 jour concernant ma demande ?<\/span>\r\n        <svg xmlns=\"http:\/\/www.w3.org\/2000\/svg\" width=\"27\" height=\"27\" viewBox=\"0 0 27 27\">\r\n            <path id=\"Trac\u00e9_10\" data-name=\"Trac\u00e9 10\"\r\n                d=\"M13.5,0,11.045,2.455l9.292,9.292H0v3.506H20.338l-9.292,9.292L13.5,27,27,13.5Z\"\r\n                transform=\"translate(27) rotate(90)\" fill=\"#72919a\" \/>\r\n        <\/svg>\r\n    <\/button>\r\n    <div class=\"accordionContent\">\r\n        Nous sommes une petite \u00e9quipe et nous appr\u00e9cions la patience de nos partenaires en ce qui concerne le suivi de leur lettre d\u2019int\u00e9r\u00eat. Nous visons \u00e0 informer nos partenaires de l\u2019\u00e9volution de leur dossier au cours de la phase d\u2019\u00e9valuation, dans les 4 \u00e0 6 mois suivant la cl\u00f4ture de l\u2019appel de propositions.    <\/div>\r\n<\/div>\r\n<div class=\"accordion align wp-block-acf-accordion-faq\">\r\n    <button class=\"accordionToggle\">\r\n        <span class=\"title\">Que dois-je attendre du formulaire d\u2019appel de propositions ?<\/span>\r\n        <svg xmlns=\"http:\/\/www.w3.org\/2000\/svg\" width=\"27\" height=\"27\" viewBox=\"0 0 27 27\">\r\n            <path id=\"Trac\u00e9_10\" data-name=\"Trac\u00e9 10\"\r\n                d=\"M13.5,0,11.045,2.455l9.292,9.292H0v3.506H20.338l-9.292,9.292L13.5,27,27,13.5Z\"\r\n                transform=\"translate(27) rotate(90)\" fill=\"#72919a\" \/>\r\n        <\/svg>\r\n    <\/button>\r\n    <div class=\"accordionContent\">\r\n        \u2022 L\u2019appel de propositions demande des informations simples sur votre organisation, ainsi que certaines informations sp\u00e9cifiques concernant l\u2019initiative pour laquelle vous sollicitez un financement. Nous avons besoin de ces renseignements pour \u00e9valuer efficacement votre demande.<br \/>\r\n<br \/>\r\n\u2022 Par exemple, nous devons conna\u00eetre le montant que vous demandez, la date \u00e0 laquelle vous souhaitez recevoir la subvention et la dur\u00e9e propos\u00e9e de notre partenariat. Il est important de nous indiquer exactement vos besoins et l\u2019utilisation pr\u00e9vue de la subvention.    <\/div>\r\n<\/div>\r\n<\/section>\n\n\n\n<section class=\"wp-block-group alignfull colors is-layout-flow wp-block-group-is-layout-flow\">\n<div class=\"wp-block-columns alignfull is-not-stacked-on-mobile barre_colors is-layout-flex wp-container-core-columns-is-layout-28f84493 wp-block-columns-is-layout-flex\">\n<div class=\"wp-block-column has-bleu-background-color has-background is-layout-flow wp-block-column-is-layout-flow\" style=\"flex-basis:25%\">\n<div class=\"wp-block-group is-layout-constrained wp-block-group-is-layout-constrained\"><\/div>\n<\/div>\n\n\n\n<div class=\"wp-block-column has-ocean-background-color has-background is-layout-flow wp-block-column-is-layout-flow\" style=\"flex-basis:25%\"><\/div>\n\n\n\n<div class=\"wp-block-column has-vert-background-color has-background is-layout-flow wp-block-column-is-layout-flow\" style=\"flex-basis:25%\"><\/div>\n\n\n\n<div class=\"wp-block-column has-ciel-background-color has-background is-layout-flow wp-block-column-is-layout-flow\" style=\"flex-basis:25%\"><\/div>\n<\/div>\n<\/section>\n","protected":false},"excerpt":{"rendered":"<p>Subvention FAQ Foire aux questions Retrouvez ici les r\u00e9ponses aux questions les plus fr\u00e9quentes sur notre processus de demande, les crit\u00e8res d\u2019admissibilit\u00e9 et notre collaboration avec les organisations partenaires.<\/p>\n","protected":false},"author":1,"featured_media":0,"parent":0,"menu_order":0,"comment_status":"closed","ping_status":"closed","template":"","meta":{"_acf_changed":true,"inline_featured_image":false,"footnotes":""},"class_list":["post-695","page","type-page","status-publish","hentry"],"acf":[],"yoast_head":"<!-- This site is optimized with the Yoast SEO plugin v27.2 - https:\/\/yoast.com\/product\/yoast-seo-wordpress\/ -->\n<title>FAQ Fondation Chamandy | Pour les enfants et les jeunes<\/title>\n<meta name=\"description\" content=\"Trouvez des r\u00e9ponses \u00e0 vos questions les plus urgentes dans notre FAQ sur le processus de demande et les crit\u00e8res d\u2019admissibilit\u00e9.\" \/>\n<meta name=\"robots\" content=\"index, follow, max-snippet:-1, max-image-preview:large, max-video-preview:-1\" \/>\n<link rel=\"canonical\" href=\"https:\/\/chamandyfoundation.org\/fr\/faq\/\" \/>\n<meta property=\"og:locale\" content=\"fr_FR\" \/>\n<meta property=\"og:type\" content=\"article\" \/>\n<meta property=\"og:title\" content=\"FAQ Fondation Chamandy | Pour les enfants et les jeunes\" \/>\n<meta property=\"og:description\" content=\"Trouvez des r\u00e9ponses \u00e0 vos questions les plus urgentes dans notre FAQ sur le processus de demande et les crit\u00e8res d\u2019admissibilit\u00e9.\" \/>\n<meta property=\"og:url\" content=\"https:\/\/chamandyfoundation.org\/fr\/faq\/\" \/>\n<meta property=\"og:site_name\" content=\"Chamandy Foundation\" \/>\n<meta property=\"article:modified_time\" content=\"2025-09-22T19:31:40+00:00\" \/>\n<meta property=\"og:image\" content=\"https:\/\/chamandyfoundation.org\/wp-content\/uploads\/2025\/06\/hero_image.png\" \/>\n\t<meta property=\"og:image:width\" content=\"994\" \/>\n\t<meta property=\"og:image:height\" content=\"1029\" \/>\n\t<meta property=\"og:image:type\" content=\"image\/png\" \/>\n<meta name=\"twitter:card\" content=\"summary_large_image\" \/>\n<meta name=\"twitter:label1\" content=\"Dur\u00e9e de lecture estim\u00e9e\" \/>\n\t<meta name=\"twitter:data1\" content=\"1 minute\" \/>\n<script type=\"application\/ld+json\" class=\"yoast-schema-graph\">{\"@context\":\"https:\/\/schema.org\",\"@graph\":[{\"@type\":\"WebPage\",\"@id\":\"https:\/\/chamandyfoundation.org\/fr\/faq\/\",\"url\":\"https:\/\/chamandyfoundation.org\/fr\/faq\/\",\"name\":\"FAQ Fondation Chamandy | Pour les enfants et les jeunes\",\"isPartOf\":{\"@id\":\"https:\/\/chamandyfoundation.org\/#website\"},\"primaryImageOfPage\":{\"@id\":\"https:\/\/chamandyfoundation.org\/fr\/faq\/#primaryimage\"},\"image\":{\"@id\":\"https:\/\/chamandyfoundation.org\/fr\/faq\/#primaryimage\"},\"thumbnailUrl\":\"https:\/\/chamandyfoundation.org\/wp-content\/uploads\/2025\/06\/hero_image-989x1024.png\",\"datePublished\":\"2025-06-12T16:54:46+00:00\",\"dateModified\":\"2025-09-22T19:31:40+00:00\",\"description\":\"Trouvez des r\u00e9ponses \u00e0 vos questions les plus urgentes dans notre FAQ sur le processus de demande et les crit\u00e8res d\u2019admissibilit\u00e9.\",\"breadcrumb\":{\"@id\":\"https:\/\/chamandyfoundation.org\/fr\/faq\/#breadcrumb\"},\"inLanguage\":\"fr-FR\",\"potentialAction\":[{\"@type\":\"ReadAction\",\"target\":[\"https:\/\/chamandyfoundation.org\/fr\/faq\/\"]}]},{\"@type\":\"ImageObject\",\"inLanguage\":\"fr-FR\",\"@id\":\"https:\/\/chamandyfoundation.org\/fr\/faq\/#primaryimage\",\"url\":\"https:\/\/chamandyfoundation.org\/wp-content\/uploads\/2025\/06\/hero_image-989x1024.png\",\"contentUrl\":\"https:\/\/chamandyfoundation.org\/wp-content\/uploads\/2025\/06\/hero_image-989x1024.png\"},{\"@type\":\"BreadcrumbList\",\"@id\":\"https:\/\/chamandyfoundation.org\/fr\/faq\/#breadcrumb\",\"itemListElement\":[{\"@type\":\"ListItem\",\"position\":1,\"name\":\"Home\",\"item\":\"https:\/\/chamandyfoundation.org\/fr\/\"},{\"@type\":\"ListItem\",\"position\":2,\"name\":\"FAQ\"}]},{\"@type\":\"WebSite\",\"@id\":\"https:\/\/chamandyfoundation.org\/#website\",\"url\":\"https:\/\/chamandyfoundation.org\/\",\"name\":\"Chamandy Foundation\",\"description\":\"Family foundation for children and youth\",\"publisher\":{\"@id\":\"https:\/\/chamandyfoundation.org\/#organization\"},\"potentialAction\":[{\"@type\":\"SearchAction\",\"target\":{\"@type\":\"EntryPoint\",\"urlTemplate\":\"https:\/\/chamandyfoundation.org\/?s={search_term_string}\"},\"query-input\":{\"@type\":\"PropertyValueSpecification\",\"valueRequired\":true,\"valueName\":\"search_term_string\"}}],\"inLanguage\":\"fr-FR\"},{\"@type\":\"Organization\",\"@id\":\"https:\/\/chamandyfoundation.org\/#organization\",\"name\":\"Chamandy Foundation\",\"url\":\"https:\/\/chamandyfoundation.org\/\",\"logo\":{\"@type\":\"ImageObject\",\"inLanguage\":\"fr-FR\",\"@id\":\"https:\/\/chamandyfoundation.org\/#\/schema\/logo\/image\/\",\"url\":\"https:\/\/chamandyfoundation.org\/wp-content\/uploads\/2025\/06\/logo_color.png\",\"contentUrl\":\"https:\/\/chamandyfoundation.org\/wp-content\/uploads\/2025\/06\/logo_color.png\",\"width\":406,\"height\":99,\"caption\":\"Chamandy Foundation\"},\"image\":{\"@id\":\"https:\/\/chamandyfoundation.org\/#\/schema\/logo\/image\/\"}}]}<\/script>\n<!-- \/ Yoast SEO plugin. -->","yoast_head_json":{"title":"FAQ Fondation Chamandy | Pour les enfants et les jeunes","description":"Trouvez des r\u00e9ponses \u00e0 vos questions les plus urgentes dans notre FAQ sur le processus de demande et les crit\u00e8res d\u2019admissibilit\u00e9.","robots":{"index":"index","follow":"follow","max-snippet":"max-snippet:-1","max-image-preview":"max-image-preview:large","max-video-preview":"max-video-preview:-1"},"canonical":"https:\/\/chamandyfoundation.org\/fr\/faq\/","og_locale":"fr_FR","og_type":"article","og_title":"FAQ Fondation Chamandy | Pour les enfants et les jeunes","og_description":"Trouvez des r\u00e9ponses \u00e0 vos questions les plus urgentes dans notre FAQ sur le processus de demande et les crit\u00e8res d\u2019admissibilit\u00e9.","og_url":"https:\/\/chamandyfoundation.org\/fr\/faq\/","og_site_name":"Chamandy Foundation","article_modified_time":"2025-09-22T19:31:40+00:00","og_image":[{"width":994,"height":1029,"url":"https:\/\/chamandyfoundation.org\/wp-content\/uploads\/2025\/06\/hero_image.png","type":"image\/png"}],"twitter_card":"summary_large_image","twitter_misc":{"Dur\u00e9e de lecture estim\u00e9e":"1 minute"},"schema":{"@context":"https:\/\/schema.org","@graph":[{"@type":"WebPage","@id":"https:\/\/chamandyfoundation.org\/fr\/faq\/","url":"https:\/\/chamandyfoundation.org\/fr\/faq\/","name":"FAQ Fondation Chamandy | Pour les enfants et les jeunes","isPartOf":{"@id":"https:\/\/chamandyfoundation.org\/#website"},"primaryImageOfPage":{"@id":"https:\/\/chamandyfoundation.org\/fr\/faq\/#primaryimage"},"image":{"@id":"https:\/\/chamandyfoundation.org\/fr\/faq\/#primaryimage"},"thumbnailUrl":"https:\/\/chamandyfoundation.org\/wp-content\/uploads\/2025\/06\/hero_image-989x1024.png","datePublished":"2025-06-12T16:54:46+00:00","dateModified":"2025-09-22T19:31:40+00:00","description":"Trouvez des r\u00e9ponses \u00e0 vos questions les plus urgentes dans notre FAQ sur le processus de demande et les crit\u00e8res d\u2019admissibilit\u00e9.","breadcrumb":{"@id":"https:\/\/chamandyfoundation.org\/fr\/faq\/#breadcrumb"},"inLanguage":"fr-FR","potentialAction":[{"@type":"ReadAction","target":["https:\/\/chamandyfoundation.org\/fr\/faq\/"]}]},{"@type":"ImageObject","inLanguage":"fr-FR","@id":"https:\/\/chamandyfoundation.org\/fr\/faq\/#primaryimage","url":"https:\/\/chamandyfoundation.org\/wp-content\/uploads\/2025\/06\/hero_image-989x1024.png","contentUrl":"https:\/\/chamandyfoundation.org\/wp-content\/uploads\/2025\/06\/hero_image-989x1024.png"},{"@type":"BreadcrumbList","@id":"https:\/\/chamandyfoundation.org\/fr\/faq\/#breadcrumb","itemListElement":[{"@type":"ListItem","position":1,"name":"Home","item":"https:\/\/chamandyfoundation.org\/fr\/"},{"@type":"ListItem","position":2,"name":"FAQ"}]},{"@type":"WebSite","@id":"https:\/\/chamandyfoundation.org\/#website","url":"https:\/\/chamandyfoundation.org\/","name":"Chamandy Foundation","description":"Family foundation for children and youth","publisher":{"@id":"https:\/\/chamandyfoundation.org\/#organization"},"potentialAction":[{"@type":"SearchAction","target":{"@type":"EntryPoint","urlTemplate":"https:\/\/chamandyfoundation.org\/?s={search_term_string}"},"query-input":{"@type":"PropertyValueSpecification","valueRequired":true,"valueName":"search_term_string"}}],"inLanguage":"fr-FR"},{"@type":"Organization","@id":"https:\/\/chamandyfoundation.org\/#organization","name":"Chamandy Foundation","url":"https:\/\/chamandyfoundation.org\/","logo":{"@type":"ImageObject","inLanguage":"fr-FR","@id":"https:\/\/chamandyfoundation.org\/#\/schema\/logo\/image\/","url":"https:\/\/chamandyfoundation.org\/wp-content\/uploads\/2025\/06\/logo_color.png","contentUrl":"https:\/\/chamandyfoundation.org\/wp-content\/uploads\/2025\/06\/logo_color.png","width":406,"height":99,"caption":"Chamandy Foundation"},"image":{"@id":"https:\/\/chamandyfoundation.org\/#\/schema\/logo\/image\/"}}]}},"featured_image_src":null,"featured_image_src_square":null,"_links":{"self":[{"href":"https:\/\/chamandyfoundation.org\/fr\/wp-json\/wp\/v2\/pages\/695","targetHints":{"allow":["GET"]}}],"collection":[{"href":"https:\/\/chamandyfoundation.org\/fr\/wp-json\/wp\/v2\/pages"}],"about":[{"href":"https:\/\/chamandyfoundation.org\/fr\/wp-json\/wp\/v2\/types\/page"}],"author":[{"embeddable":true,"href":"https:\/\/chamandyfoundation.org\/fr\/wp-json\/wp\/v2\/users\/1"}],"replies":[{"embeddable":true,"href":"https:\/\/chamandyfoundation.org\/fr\/wp-json\/wp\/v2\/comments?post=695"}],"version-history":[{"count":0,"href":"https:\/\/chamandyfoundation.org\/fr\/wp-json\/wp\/v2\/pages\/695\/revisions"}],"wp:attachment":[{"href":"https:\/\/chamandyfoundation.org\/fr\/wp-json\/wp\/v2\/media?parent=695"}],"curies":[{"name":"wp","href":"https:\/\/api.w.org\/{rel}","templated":true}]}}