{"id":699,"date":"2025-06-12T16:55:21","date_gmt":"2025-06-12T16:55:21","guid":{"rendered":"https:\/\/chamandyfoundation.org\/news\/"},"modified":"2025-09-22T19:29:11","modified_gmt":"2025-09-22T19:29:11","slug":"nouvelles","status":"publish","type":"page","link":"https:\/\/chamandyfoundation.org\/fr\/nouvelles\/","title":{"rendered":"Nouvelles"},"content":{"rendered":"\n<section class=\"wp-block-group alignfull hero_small padding_x is-layout-flow wp-block-group-is-layout-flow\">\n<div class=\"wp-block-columns hero_columns is-layout-flex wp-container-core-columns-is-layout-28f84493 wp-block-columns-is-layout-flex\">\n<div class=\"wp-block-column is-vertically-aligned-center right is-layout-flow wp-block-column-is-layout-flow\" style=\"flex-basis:50%\">\n<h1 class=\"wp-block-heading has-text-align-left has-nuit-color has-text-color has-link-color wp-elements-037914b91205dd753afdee63695dc527\">Nouvelles<\/h1>\n<\/div>\n\n\n\n<div class=\"wp-block-column is-vertically-aligned-top left is-layout-flow wp-block-column-is-layout-flow\" style=\"flex-basis:50%\">\n<figure class=\"wp-block-image size-large image-fixed-animation\"><img loading=\"lazy\" decoding=\"async\" width=\"989\" height=\"1024\" src=\"https:\/\/chamandyfoundation.org\/wp-content\/uploads\/2025\/06\/hero_image-989x1024.png\" alt=\"\" class=\"wp-image-119\" srcset=\"https:\/\/chamandyfoundation.org\/wp-content\/uploads\/2025\/06\/hero_image-989x1024.png 989w, https:\/\/chamandyfoundation.org\/wp-content\/uploads\/2025\/06\/hero_image-290x300.png 290w, https:\/\/chamandyfoundation.org\/wp-content\/uploads\/2025\/06\/hero_image-768x795.png 768w, https:\/\/chamandyfoundation.org\/wp-content\/uploads\/2025\/06\/hero_image.png 994w\" sizes=\"auto, (max-width: 989px) 100vw, 989px\" \/><\/figure>\n<\/div>\n<\/div>\n<\/section>\n\n\n\n<section class=\"wp-block-group alignfull colors is-layout-flow wp-block-group-is-layout-flow\">\n<div class=\"wp-block-columns alignfull is-not-stacked-on-mobile barre_colors is-layout-flex wp-container-core-columns-is-layout-28f84493 wp-block-columns-is-layout-flex\">\n<div class=\"wp-block-column has-bleu-background-color has-background is-layout-flow wp-block-column-is-layout-flow\" style=\"flex-basis:25%\">\n<div class=\"wp-block-group is-layout-constrained wp-block-group-is-layout-constrained\"><\/div>\n<\/div>\n\n\n\n<div class=\"wp-block-column has-ocean-background-color has-background is-layout-flow wp-block-column-is-layout-flow\" style=\"flex-basis:25%\"><\/div>\n\n\n\n<div class=\"wp-block-column has-vert-background-color has-background is-layout-flow wp-block-column-is-layout-flow\" style=\"flex-basis:25%\"><\/div>\n\n\n\n<div class=\"wp-block-column has-ciel-background-color has-background is-layout-flow wp-block-column-is-layout-flow\" style=\"flex-basis:25%\"><\/div>\n<\/div>\n<\/section>\n\n\n\n<section class=\"wp-block-group alignfull title_text general_padding_double has-blanc-background-color has-background is-layout-flow wp-block-group-is-layout-flow\">\n<h4 class=\"wp-block-heading max_content_text_button has-nuit-color has-text-color has-link-color wp-elements-8c2cd3d5b002f2812b7fbd0c48090b06\">Derni\u00e8res nouvelles et actualit\u00e9s<\/h4>\n\n\n\n<div style=\"height:4rem\" aria-hidden=\"true\" class=\"wp-block-spacer\"><\/div>\n\n\n\n<p class=\"max_content_text has-nuit-color has-text-color has-link-color wp-elements-d4b87cac344a1932356f344482331688\">Restez inform\u00e9(e) de nos derni\u00e8res initiatives, des t\u00e9moignages du terrain et de l\u2019impact de nos partenaires.<\/p>\n<\/section>\n\n\n\n<section class=\"wp-block-group alignfull nouvelles padding_general padding_top_none has-blanc-background-color has-background is-layout-flow wp-block-group-is-layout-flow\"><div class=\"nouvelles_complet\">\n    <div class=\"content_grid\">\n        <div class=\"dropdowns\" id=\"blogue_category\" data-tax=\"blogue_category\">\n            <button id=\"openDropdown\" class=\"flex\">\n                <span class=\"current\">Filtrer les nouvelles<\/span>\n                <svg xmlns=\"http:\/\/www.w3.org\/2000\/svg\" width=\"9.4\" height=\"6.1\" viewBox=\"0 0 9.4 6.1\">\n                    <path id=\"Trac\u00e9_2393\" data-name=\"Trac\u00e9 2393\" d=\"M4.7,6.1,0,1.4,1.4,0,4.7,3.3,8,0,9.4,1.4Z\"\n                        fill=\"#193c5d\" \/>\n                <\/svg>\n            <\/button>\n            <div class=\"dropdownItself\">\n                <div class=\"eachDropdown\" data-id=\"\">Toutes les nouvelles<\/div>\n                                <div class=\"eachDropdown\" data-id=\"31\">2025<\/div>\n                            <\/div>\n        <\/div>\n    <\/div>\n        <div class=\"nouvelle_container\">\n        \n<div class=\"single-news single-post animate\">\n    <a href=\"https:\/\/chamandyfoundation.org\/fr\/nouvelles\/2025-nouvelles-ententes-du-4%e1%b5%89-trimestre-new-agreements-for-q4\/\" target=\"_self\">\n        <figure class=\"zoom\">\n            <img loading=\"lazy\" decoding=\"async\" width=\"1640\" height=\"924\" src=\"https:\/\/chamandyfoundation.org\/wp-content\/uploads\/2025\/11\/Q4-CF_2025.png\" class=\"attachment-post-thumbnail size-post-thumbnail wp-post-image\" alt=\"\" srcset=\"https:\/\/chamandyfoundation.org\/wp-content\/uploads\/2025\/11\/Q4-CF_2025.png 1640w, https:\/\/chamandyfoundation.org\/wp-content\/uploads\/2025\/11\/Q4-CF_2025-300x169.png 300w, https:\/\/chamandyfoundation.org\/wp-content\/uploads\/2025\/11\/Q4-CF_2025-1024x577.png 1024w, https:\/\/chamandyfoundation.org\/wp-content\/uploads\/2025\/11\/Q4-CF_2025-768x433.png 768w, https:\/\/chamandyfoundation.org\/wp-content\/uploads\/2025\/11\/Q4-CF_2025-1536x865.png 1536w\" sizes=\"auto, (max-width: 1640px) 100vw, 1640px\" \/>        <\/figure>\n    <\/a>\n\n    <div class=\"text_item\">\n        <h5 class=\"textbgy\">2025 &#8211; Nouvelles ententes du 4\u1d49 trimestre \/ New agreements for Q4<\/h5>\n        <p id=\"texto_1430\">\n            Alors que l\u2019ann\u00e9e de financement 2025 s\u2019ach\u00e8ve, nous sommes fiers de pr\u00e9senter les plus r\u00e9cents r\u00e9cipiendaires de nos subventions. Ces nouvelles collaborations illustrent la diversit\u00e9 et la vitalit\u00e9 du travail communautaire \u00e0 travers le pays.  \n\nAs our 2025 funding year comes to a close, we are proud to present the most recent recipients of our grants. These new collaborations reflect the diversity and vitality of community action across the country.        <\/p>\n        <div class=\"wp-block-buttons v2 p_long is-content-justification-start is-layout-flex\">\n            <div class=\"wp-block-button\">\n                <a class=\"wp-block-button__link wp-element-button\" href=\"https:\/\/chamandyfoundation.org\/fr\/nouvelles\/2025-nouvelles-ententes-du-4%e1%b5%89-trimestre-new-agreements-for-q4\/\"\n                    target=\"_self\">\n                    En savoir plus                <\/a>\n            <\/div>\n        <\/div>\n    <\/div>\n<\/div>\n\n\n<div class=\"single-news single-post animate\">\n    <a href=\"https:\/\/chamandyfoundation.org\/fr\/nouvelles\/fondation-chamandy-lance-lappel-a-candidatures-2026\/\" target=\"_self\">\n        <figure class=\"zoom\">\n            <img loading=\"lazy\" decoding=\"async\" width=\"1640\" height=\"924\" src=\"https:\/\/chamandyfoundation.org\/wp-content\/uploads\/2025\/10\/Call-for-proposals_CF_2026.png\" class=\"attachment-post-thumbnail size-post-thumbnail wp-post-image\" alt=\"\" srcset=\"https:\/\/chamandyfoundation.org\/wp-content\/uploads\/2025\/10\/Call-for-proposals_CF_2026.png 1640w, https:\/\/chamandyfoundation.org\/wp-content\/uploads\/2025\/10\/Call-for-proposals_CF_2026-300x169.png 300w, https:\/\/chamandyfoundation.org\/wp-content\/uploads\/2025\/10\/Call-for-proposals_CF_2026-1024x577.png 1024w, https:\/\/chamandyfoundation.org\/wp-content\/uploads\/2025\/10\/Call-for-proposals_CF_2026-768x433.png 768w, https:\/\/chamandyfoundation.org\/wp-content\/uploads\/2025\/10\/Call-for-proposals_CF_2026-1536x865.png 1536w\" sizes=\"auto, (max-width: 1640px) 100vw, 1640px\" \/>        <\/figure>\n    <\/a>\n\n    <div class=\"text_item\">\n        <h5 class=\"textbgy\">Fondation Chamandy lance l\u2019appel \u00e0 candidatures 2026<\/h5>\n        <p id=\"texto_1375\">\n            Fondation Chamandy a le plaisir d\u2019annoncer son appel \u00e0 candidatures 2026, destin\u00e9 aux organismes qui \u0153uvrent aupr\u00e8s des enfants et des jeunes. La p\u00e9riode de d\u00e9p\u00f4t des propositions se tiendra du 10 au 19 novembre 2025.        <\/p>\n        <div class=\"wp-block-buttons v2 p_long is-content-justification-start is-layout-flex\">\n            <div class=\"wp-block-button\">\n                <a class=\"wp-block-button__link wp-element-button\" href=\"https:\/\/chamandyfoundation.org\/fr\/nouvelles\/fondation-chamandy-lance-lappel-a-candidatures-2026\/\"\n                    target=\"_self\">\n                    En savoir plus                <\/a>\n            <\/div>\n        <\/div>\n    <\/div>\n<\/div>\n\n\n<div class=\"single-news single-post animate\">\n    <a href=\"https:\/\/chamandyfoundation.org\/fr\/nouvelles\/2025-nouvelles-ententes-du-3%e1%b5%89-trimestre-new-agreements-for-q3\/\" target=\"_self\">\n        <figure class=\"zoom\">\n            <img loading=\"lazy\" decoding=\"async\" width=\"1640\" height=\"924\" src=\"https:\/\/chamandyfoundation.org\/wp-content\/uploads\/2025\/10\/Annonce-Q3_CF_2025.png\" class=\"attachment-post-thumbnail size-post-thumbnail wp-post-image\" alt=\"\" srcset=\"https:\/\/chamandyfoundation.org\/wp-content\/uploads\/2025\/10\/Annonce-Q3_CF_2025.png 1640w, https:\/\/chamandyfoundation.org\/wp-content\/uploads\/2025\/10\/Annonce-Q3_CF_2025-300x169.png 300w, https:\/\/chamandyfoundation.org\/wp-content\/uploads\/2025\/10\/Annonce-Q3_CF_2025-1024x577.png 1024w, https:\/\/chamandyfoundation.org\/wp-content\/uploads\/2025\/10\/Annonce-Q3_CF_2025-768x433.png 768w, https:\/\/chamandyfoundation.org\/wp-content\/uploads\/2025\/10\/Annonce-Q3_CF_2025-1536x865.png 1536w\" sizes=\"auto, (max-width: 1640px) 100vw, 1640px\" \/>        <\/figure>\n    <\/a>\n\n    <div class=\"text_item\">\n        <h5 class=\"textbgy\">2025 &#8211; Nouvelles ententes du 3\u1d49 trimestre \/ New agreements for Q3<\/h5>\n        <p id=\"texto_1428\">\n            We are proud to introduce our newest grantees selected in September. These exceptional organizations are making a lasting impact in their communities. \/ Nous sommes fiers de pr\u00e9senter les nouveaux b\u00e9n\u00e9ficiaires s\u00e9lectionn\u00e9s en septembre, qui cr\u00e9ent un impact durable dans leurs communaut\u00e9s.        <\/p>\n        <div class=\"wp-block-buttons v2 p_long is-content-justification-start is-layout-flex\">\n            <div class=\"wp-block-button\">\n                <a class=\"wp-block-button__link wp-element-button\" href=\"https:\/\/chamandyfoundation.org\/fr\/nouvelles\/2025-nouvelles-ententes-du-3%e1%b5%89-trimestre-new-agreements-for-q3\/\"\n                    target=\"_self\">\n                    En savoir plus                <\/a>\n            <\/div>\n        <\/div>\n    <\/div>\n<\/div>\n\n\n<div class=\"single-news single-post animate\">\n    <a href=\"https:\/\/chamandyfoundation.org\/fr\/nouvelles\/honorer-la-verite-faire-avancer-la-reconciliation\/\" target=\"_self\">\n        <figure class=\"zoom\">\n            <img loading=\"lazy\" decoding=\"async\" width=\"1640\" height=\"924\" src=\"https:\/\/chamandyfoundation.org\/wp-content\/uploads\/2025\/09\/Journee-nationale-de-la-verite-et-reconciliation_FC.png\" class=\"attachment-post-thumbnail size-post-thumbnail wp-post-image\" alt=\"\" srcset=\"https:\/\/chamandyfoundation.org\/wp-content\/uploads\/2025\/09\/Journee-nationale-de-la-verite-et-reconciliation_FC.png 1640w, https:\/\/chamandyfoundation.org\/wp-content\/uploads\/2025\/09\/Journee-nationale-de-la-verite-et-reconciliation_FC-300x169.png 300w, https:\/\/chamandyfoundation.org\/wp-content\/uploads\/2025\/09\/Journee-nationale-de-la-verite-et-reconciliation_FC-1024x577.png 1024w, https:\/\/chamandyfoundation.org\/wp-content\/uploads\/2025\/09\/Journee-nationale-de-la-verite-et-reconciliation_FC-768x433.png 768w, https:\/\/chamandyfoundation.org\/wp-content\/uploads\/2025\/09\/Journee-nationale-de-la-verite-et-reconciliation_FC-1536x865.png 1536w\" sizes=\"auto, (max-width: 1640px) 100vw, 1640px\" \/>        <\/figure>\n    <\/a>\n\n    <div class=\"text_item\">\n        <h5 class=\"textbgy\">Honorer la v\u00e9rit\u00e9, faire avancer la r\u00e9conciliation<\/h5>\n        <p id=\"texto_1350\">\n            En cette Journ\u00e9e nationale de la v\u00e9rit\u00e9 et de la r\u00e9conciliation,\nnous honorons la m\u00e9moire des enfants qui ne sont jamais revenus, ainsi que leurs familles et leurs communaut\u00e9s. C\u2019est une journ\u00e9e pour faire une pause, \u00e9couter et apprendre \u2014 mais aussi pour reconna\u00eetre que la r\u00e9conciliation n\u2019est pas un moment unique : c\u2019est une responsabilit\u00e9 partag\u00e9e que nous devons porter chaque jour, avec humilit\u00e9 et respect.        <\/p>\n        <div class=\"wp-block-buttons v2 p_long is-content-justification-start is-layout-flex\">\n            <div class=\"wp-block-button\">\n                <a class=\"wp-block-button__link wp-element-button\" href=\"https:\/\/chamandyfoundation.org\/fr\/nouvelles\/honorer-la-verite-faire-avancer-la-reconciliation\/\"\n                    target=\"_self\">\n                    En savoir plus                <\/a>\n            <\/div>\n        <\/div>\n    <\/div>\n<\/div>\n\n    <\/div>\n<\/div>\n<\/section>\n","protected":false},"excerpt":{"rendered":"<p>Nouvelles Derni\u00e8res nouvelles et actualit\u00e9s Restez inform\u00e9(e) de nos derni\u00e8res initiatives, des t\u00e9moignages du terrain et de l\u2019impact de nos partenaires.<\/p>\n","protected":false},"author":1,"featured_media":0,"parent":0,"menu_order":0,"comment_status":"closed","ping_status":"closed","template":"","meta":{"_acf_changed":false,"inline_featured_image":false,"footnotes":""},"class_list":["post-699","page","type-page","status-publish","hentry"],"acf":[],"yoast_head":"<!-- This site is optimized with the Yoast SEO plugin v27.2 - https:\/\/yoast.com\/product\/yoast-seo-wordpress\/ -->\n<title>Nouvelles Fondation Chamandy | Pour les enfants et les jeunes<\/title>\n<meta name=\"description\" content=\"Restez inform\u00e9 des derni\u00e8res nouvelles et initiatives. D\u00e9couvrez des histoires inspirantes et les progr\u00e8s r\u00e9alis\u00e9s par nos partenaires d\u00e9vou\u00e9s.\" \/>\n<meta name=\"robots\" content=\"index, follow, max-snippet:-1, max-image-preview:large, max-video-preview:-1\" \/>\n<link rel=\"canonical\" href=\"https:\/\/chamandyfoundation.org\/fr\/nouvelles\/\" \/>\n<meta property=\"og:locale\" content=\"fr_FR\" \/>\n<meta property=\"og:type\" content=\"article\" \/>\n<meta property=\"og:title\" content=\"Nouvelles Fondation Chamandy | Pour les enfants et les jeunes\" \/>\n<meta property=\"og:description\" content=\"Restez inform\u00e9 des derni\u00e8res nouvelles et initiatives. D\u00e9couvrez des histoires inspirantes et les progr\u00e8s r\u00e9alis\u00e9s par nos partenaires d\u00e9vou\u00e9s.\" \/>\n<meta property=\"og:url\" content=\"https:\/\/chamandyfoundation.org\/fr\/nouvelles\/\" \/>\n<meta property=\"og:site_name\" content=\"Chamandy Foundation\" \/>\n<meta property=\"article:modified_time\" content=\"2025-09-22T19:29:11+00:00\" \/>\n<meta property=\"og:image\" content=\"https:\/\/chamandyfoundation.org\/wp-content\/uploads\/2025\/06\/hero_image.png\" \/>\n\t<meta property=\"og:image:width\" content=\"994\" \/>\n\t<meta property=\"og:image:height\" content=\"1029\" \/>\n\t<meta property=\"og:image:type\" content=\"image\/png\" \/>\n<meta name=\"twitter:card\" content=\"summary_large_image\" \/>\n<meta name=\"twitter:label1\" content=\"Dur\u00e9e de lecture estim\u00e9e\" \/>\n\t<meta name=\"twitter:data1\" content=\"1 minute\" \/>\n<script type=\"application\/ld+json\" class=\"yoast-schema-graph\">{\"@context\":\"https:\/\/schema.org\",\"@graph\":[{\"@type\":\"WebPage\",\"@id\":\"https:\/\/chamandyfoundation.org\/fr\/nouvelles\/\",\"url\":\"https:\/\/chamandyfoundation.org\/fr\/nouvelles\/\",\"name\":\"Nouvelles Fondation Chamandy | Pour les enfants et les jeunes\",\"isPartOf\":{\"@id\":\"https:\/\/chamandyfoundation.org\/#website\"},\"primaryImageOfPage\":{\"@id\":\"https:\/\/chamandyfoundation.org\/fr\/nouvelles\/#primaryimage\"},\"image\":{\"@id\":\"https:\/\/chamandyfoundation.org\/fr\/nouvelles\/#primaryimage\"},\"thumbnailUrl\":\"https:\/\/chamandyfoundation.org\/wp-content\/uploads\/2025\/06\/hero_image-989x1024.png\",\"datePublished\":\"2025-06-12T16:55:21+00:00\",\"dateModified\":\"2025-09-22T19:29:11+00:00\",\"description\":\"Restez inform\u00e9 des derni\u00e8res nouvelles et initiatives. D\u00e9couvrez des histoires inspirantes et les progr\u00e8s r\u00e9alis\u00e9s par nos partenaires d\u00e9vou\u00e9s.\",\"breadcrumb\":{\"@id\":\"https:\/\/chamandyfoundation.org\/fr\/nouvelles\/#breadcrumb\"},\"inLanguage\":\"fr-FR\",\"potentialAction\":[{\"@type\":\"ReadAction\",\"target\":[\"https:\/\/chamandyfoundation.org\/fr\/nouvelles\/\"]}]},{\"@type\":\"ImageObject\",\"inLanguage\":\"fr-FR\",\"@id\":\"https:\/\/chamandyfoundation.org\/fr\/nouvelles\/#primaryimage\",\"url\":\"https:\/\/chamandyfoundation.org\/wp-content\/uploads\/2025\/06\/hero_image-989x1024.png\",\"contentUrl\":\"https:\/\/chamandyfoundation.org\/wp-content\/uploads\/2025\/06\/hero_image-989x1024.png\"},{\"@type\":\"BreadcrumbList\",\"@id\":\"https:\/\/chamandyfoundation.org\/fr\/nouvelles\/#breadcrumb\",\"itemListElement\":[{\"@type\":\"ListItem\",\"position\":1,\"name\":\"Home\",\"item\":\"https:\/\/chamandyfoundation.org\/fr\/\"},{\"@type\":\"ListItem\",\"position\":2,\"name\":\"Nouvelles\"}]},{\"@type\":\"WebSite\",\"@id\":\"https:\/\/chamandyfoundation.org\/#website\",\"url\":\"https:\/\/chamandyfoundation.org\/\",\"name\":\"Chamandy Foundation\",\"description\":\"Family foundation for children and youth\",\"publisher\":{\"@id\":\"https:\/\/chamandyfoundation.org\/#organization\"},\"potentialAction\":[{\"@type\":\"SearchAction\",\"target\":{\"@type\":\"EntryPoint\",\"urlTemplate\":\"https:\/\/chamandyfoundation.org\/?s={search_term_string}\"},\"query-input\":{\"@type\":\"PropertyValueSpecification\",\"valueRequired\":true,\"valueName\":\"search_term_string\"}}],\"inLanguage\":\"fr-FR\"},{\"@type\":\"Organization\",\"@id\":\"https:\/\/chamandyfoundation.org\/#organization\",\"name\":\"Chamandy Foundation\",\"url\":\"https:\/\/chamandyfoundation.org\/\",\"logo\":{\"@type\":\"ImageObject\",\"inLanguage\":\"fr-FR\",\"@id\":\"https:\/\/chamandyfoundation.org\/#\/schema\/logo\/image\/\",\"url\":\"https:\/\/chamandyfoundation.org\/wp-content\/uploads\/2025\/06\/logo_color.png\",\"contentUrl\":\"https:\/\/chamandyfoundation.org\/wp-content\/uploads\/2025\/06\/logo_color.png\",\"width\":406,\"height\":99,\"caption\":\"Chamandy Foundation\"},\"image\":{\"@id\":\"https:\/\/chamandyfoundation.org\/#\/schema\/logo\/image\/\"}}]}<\/script>\n<!-- \/ Yoast SEO plugin. -->","yoast_head_json":{"title":"Nouvelles Fondation Chamandy | Pour les enfants et les jeunes","description":"Restez inform\u00e9 des derni\u00e8res nouvelles et initiatives. D\u00e9couvrez des histoires inspirantes et les progr\u00e8s r\u00e9alis\u00e9s par nos partenaires d\u00e9vou\u00e9s.","robots":{"index":"index","follow":"follow","max-snippet":"max-snippet:-1","max-image-preview":"max-image-preview:large","max-video-preview":"max-video-preview:-1"},"canonical":"https:\/\/chamandyfoundation.org\/fr\/nouvelles\/","og_locale":"fr_FR","og_type":"article","og_title":"Nouvelles Fondation Chamandy | Pour les enfants et les jeunes","og_description":"Restez inform\u00e9 des derni\u00e8res nouvelles et initiatives. D\u00e9couvrez des histoires inspirantes et les progr\u00e8s r\u00e9alis\u00e9s par nos partenaires d\u00e9vou\u00e9s.","og_url":"https:\/\/chamandyfoundation.org\/fr\/nouvelles\/","og_site_name":"Chamandy Foundation","article_modified_time":"2025-09-22T19:29:11+00:00","og_image":[{"width":994,"height":1029,"url":"https:\/\/chamandyfoundation.org\/wp-content\/uploads\/2025\/06\/hero_image.png","type":"image\/png"}],"twitter_card":"summary_large_image","twitter_misc":{"Dur\u00e9e de lecture estim\u00e9e":"1 minute"},"schema":{"@context":"https:\/\/schema.org","@graph":[{"@type":"WebPage","@id":"https:\/\/chamandyfoundation.org\/fr\/nouvelles\/","url":"https:\/\/chamandyfoundation.org\/fr\/nouvelles\/","name":"Nouvelles Fondation Chamandy | Pour les enfants et les jeunes","isPartOf":{"@id":"https:\/\/chamandyfoundation.org\/#website"},"primaryImageOfPage":{"@id":"https:\/\/chamandyfoundation.org\/fr\/nouvelles\/#primaryimage"},"image":{"@id":"https:\/\/chamandyfoundation.org\/fr\/nouvelles\/#primaryimage"},"thumbnailUrl":"https:\/\/chamandyfoundation.org\/wp-content\/uploads\/2025\/06\/hero_image-989x1024.png","datePublished":"2025-06-12T16:55:21+00:00","dateModified":"2025-09-22T19:29:11+00:00","description":"Restez inform\u00e9 des derni\u00e8res nouvelles et initiatives. D\u00e9couvrez des histoires inspirantes et les progr\u00e8s r\u00e9alis\u00e9s par nos partenaires d\u00e9vou\u00e9s.","breadcrumb":{"@id":"https:\/\/chamandyfoundation.org\/fr\/nouvelles\/#breadcrumb"},"inLanguage":"fr-FR","potentialAction":[{"@type":"ReadAction","target":["https:\/\/chamandyfoundation.org\/fr\/nouvelles\/"]}]},{"@type":"ImageObject","inLanguage":"fr-FR","@id":"https:\/\/chamandyfoundation.org\/fr\/nouvelles\/#primaryimage","url":"https:\/\/chamandyfoundation.org\/wp-content\/uploads\/2025\/06\/hero_image-989x1024.png","contentUrl":"https:\/\/chamandyfoundation.org\/wp-content\/uploads\/2025\/06\/hero_image-989x1024.png"},{"@type":"BreadcrumbList","@id":"https:\/\/chamandyfoundation.org\/fr\/nouvelles\/#breadcrumb","itemListElement":[{"@type":"ListItem","position":1,"name":"Home","item":"https:\/\/chamandyfoundation.org\/fr\/"},{"@type":"ListItem","position":2,"name":"Nouvelles"}]},{"@type":"WebSite","@id":"https:\/\/chamandyfoundation.org\/#website","url":"https:\/\/chamandyfoundation.org\/","name":"Chamandy Foundation","description":"Family foundation for children and youth","publisher":{"@id":"https:\/\/chamandyfoundation.org\/#organization"},"potentialAction":[{"@type":"SearchAction","target":{"@type":"EntryPoint","urlTemplate":"https:\/\/chamandyfoundation.org\/?s={search_term_string}"},"query-input":{"@type":"PropertyValueSpecification","valueRequired":true,"valueName":"search_term_string"}}],"inLanguage":"fr-FR"},{"@type":"Organization","@id":"https:\/\/chamandyfoundation.org\/#organization","name":"Chamandy Foundation","url":"https:\/\/chamandyfoundation.org\/","logo":{"@type":"ImageObject","inLanguage":"fr-FR","@id":"https:\/\/chamandyfoundation.org\/#\/schema\/logo\/image\/","url":"https:\/\/chamandyfoundation.org\/wp-content\/uploads\/2025\/06\/logo_color.png","contentUrl":"https:\/\/chamandyfoundation.org\/wp-content\/uploads\/2025\/06\/logo_color.png","width":406,"height":99,"caption":"Chamandy Foundation"},"image":{"@id":"https:\/\/chamandyfoundation.org\/#\/schema\/logo\/image\/"}}]}},"featured_image_src":null,"featured_image_src_square":null,"_links":{"self":[{"href":"https:\/\/chamandyfoundation.org\/fr\/wp-json\/wp\/v2\/pages\/699","targetHints":{"allow":["GET"]}}],"collection":[{"href":"https:\/\/chamandyfoundation.org\/fr\/wp-json\/wp\/v2\/pages"}],"about":[{"href":"https:\/\/chamandyfoundation.org\/fr\/wp-json\/wp\/v2\/types\/page"}],"author":[{"embeddable":true,"href":"https:\/\/chamandyfoundation.org\/fr\/wp-json\/wp\/v2\/users\/1"}],"replies":[{"embeddable":true,"href":"https:\/\/chamandyfoundation.org\/fr\/wp-json\/wp\/v2\/comments?post=699"}],"version-history":[{"count":0,"href":"https:\/\/chamandyfoundation.org\/fr\/wp-json\/wp\/v2\/pages\/699\/revisions"}],"wp:attachment":[{"href":"https:\/\/chamandyfoundation.org\/fr\/wp-json\/wp\/v2\/media?parent=699"}],"curies":[{"name":"wp","href":"https:\/\/api.w.org\/{rel}","templated":true}]}}