{"id":706,"date":"2025-06-14T01:55:15","date_gmt":"2025-06-14T01:55:15","guid":{"rendered":"https:\/\/chamandyfoundation.org\/reconnaissance-territoriale\/"},"modified":"2025-09-15T19:29:10","modified_gmt":"2025-09-15T19:29:10","slug":"reconnaissance-territoriale","status":"publish","type":"page","link":"https:\/\/chamandyfoundation.org\/fr\/reconnaissance-territoriale\/","title":{"rendered":"Reconnaissance territoriale"},"content":{"rendered":"\n<section class=\"wp-block-group padding_general is-layout-flow wp-block-group-is-layout-flow\" style=\"padding-top:20rem;padding-bottom:20rem\">\n<p>Fondation Chamandy est situ\u00e9e sur des terres autochtones non c\u00e9d\u00e9es, dont la Nation Kanien\u2019keh\u00e1:ka est reconnue comme la gardienne traditionnelle. Tiohti\u00e1:ke\/Montr\u00e9al a historiquement \u00e9t\u00e9 un lieu de rassemblement pour de nombreuses Premi\u00e8res Nations. Aujourd\u2019hui, elle accueille une population diversifi\u00e9e d\u2019Autochtones et d\u2019autres communaut\u00e9s. Nous nous engageons \u00e0 travailler quotidiennement pour les droits des peuples autochtones \u00e0 travers nos actions.<\/p>\n<\/section>\n","protected":false},"excerpt":{"rendered":"<p>Fondation Chamandy est situ\u00e9e sur des terres autochtones non c\u00e9d\u00e9es, dont la Nation Kanien\u2019keh\u00e1:ka est reconnue comme la gardienne traditionnelle. Tiohti\u00e1:ke\/Montr\u00e9al a historiquement \u00e9t\u00e9 un lieu de rassemblement pour de nombreuses Premi\u00e8res Nations. Aujourd\u2019hui, elle accueille une population diversifi\u00e9e d\u2019Autochtones et d\u2019autres communaut\u00e9s. Nous nous engageons \u00e0 travailler quotidiennement pour les droits des peuples autochtones [&hellip;]<\/p>\n","protected":false},"author":1,"featured_media":0,"parent":0,"menu_order":0,"comment_status":"closed","ping_status":"closed","template":"","meta":{"_acf_changed":false,"inline_featured_image":false,"footnotes":""},"class_list":["post-706","page","type-page","status-publish","hentry"],"acf":[],"yoast_head":"<!-- This site is optimized with the Yoast SEO plugin v27.2 - https:\/\/yoast.com\/product\/yoast-seo-wordpress\/ -->\n<title>Reconnaissance territoriale | Chamandy Foundation<\/title>\n<meta name=\"robots\" content=\"index, follow, max-snippet:-1, max-image-preview:large, max-video-preview:-1\" \/>\n<link rel=\"canonical\" href=\"https:\/\/chamandyfoundation.org\/fr\/reconnaissance-territoriale\/\" \/>\n<meta property=\"og:locale\" content=\"fr_FR\" \/>\n<meta property=\"og:type\" content=\"article\" \/>\n<meta property=\"og:title\" content=\"Reconnaissance territoriale | Chamandy Foundation\" \/>\n<meta property=\"og:description\" content=\"Fondation Chamandy est situ\u00e9e sur des terres autochtones non c\u00e9d\u00e9es, dont la Nation Kanien\u2019keh\u00e1:ka est reconnue comme la gardienne traditionnelle. Tiohti\u00e1:ke\/Montr\u00e9al a historiquement \u00e9t\u00e9 un lieu de rassemblement pour de nombreuses Premi\u00e8res Nations. Aujourd\u2019hui, elle accueille une population diversifi\u00e9e d\u2019Autochtones et d\u2019autres communaut\u00e9s. Nous nous engageons \u00e0 travailler quotidiennement pour les droits des peuples autochtones [&hellip;]\" \/>\n<meta property=\"og:url\" content=\"https:\/\/chamandyfoundation.org\/fr\/reconnaissance-territoriale\/\" \/>\n<meta property=\"og:site_name\" content=\"Chamandy Foundation\" \/>\n<meta property=\"article:modified_time\" content=\"2025-09-15T19:29:10+00:00\" \/>\n<meta property=\"og:image\" content=\"https:\/\/chamandyfoundation.org\/wp-content\/uploads\/2025\/09\/fondationcham.jpg\" \/>\n\t<meta property=\"og:image:width\" content=\"1200\" \/>\n\t<meta property=\"og:image:height\" content=\"630\" \/>\n\t<meta property=\"og:image:type\" content=\"image\/jpeg\" \/>\n<meta name=\"twitter:card\" content=\"summary_large_image\" \/>\n<meta name=\"twitter:label1\" content=\"Dur\u00e9e de lecture estim\u00e9e\" \/>\n\t<meta name=\"twitter:data1\" content=\"1 minute\" \/>\n<script type=\"application\/ld+json\" class=\"yoast-schema-graph\">{\"@context\":\"https:\/\/schema.org\",\"@graph\":[{\"@type\":\"WebPage\",\"@id\":\"https:\/\/chamandyfoundation.org\/fr\/reconnaissance-territoriale\/\",\"url\":\"https:\/\/chamandyfoundation.org\/fr\/reconnaissance-territoriale\/\",\"name\":\"Reconnaissance territoriale | Chamandy Foundation\",\"isPartOf\":{\"@id\":\"https:\/\/chamandyfoundation.org\/#website\"},\"datePublished\":\"2025-06-14T01:55:15+00:00\",\"dateModified\":\"2025-09-15T19:29:10+00:00\",\"breadcrumb\":{\"@id\":\"https:\/\/chamandyfoundation.org\/fr\/reconnaissance-territoriale\/#breadcrumb\"},\"inLanguage\":\"fr-FR\",\"potentialAction\":[{\"@type\":\"ReadAction\",\"target\":[\"https:\/\/chamandyfoundation.org\/fr\/reconnaissance-territoriale\/\"]}]},{\"@type\":\"BreadcrumbList\",\"@id\":\"https:\/\/chamandyfoundation.org\/fr\/reconnaissance-territoriale\/#breadcrumb\",\"itemListElement\":[{\"@type\":\"ListItem\",\"position\":1,\"name\":\"Home\",\"item\":\"https:\/\/chamandyfoundation.org\/fr\/\"},{\"@type\":\"ListItem\",\"position\":2,\"name\":\"Reconnaissance territoriale\"}]},{\"@type\":\"WebSite\",\"@id\":\"https:\/\/chamandyfoundation.org\/#website\",\"url\":\"https:\/\/chamandyfoundation.org\/\",\"name\":\"Chamandy Foundation\",\"description\":\"Family foundation for children and youth\",\"publisher\":{\"@id\":\"https:\/\/chamandyfoundation.org\/#organization\"},\"potentialAction\":[{\"@type\":\"SearchAction\",\"target\":{\"@type\":\"EntryPoint\",\"urlTemplate\":\"https:\/\/chamandyfoundation.org\/?s={search_term_string}\"},\"query-input\":{\"@type\":\"PropertyValueSpecification\",\"valueRequired\":true,\"valueName\":\"search_term_string\"}}],\"inLanguage\":\"fr-FR\"},{\"@type\":\"Organization\",\"@id\":\"https:\/\/chamandyfoundation.org\/#organization\",\"name\":\"Chamandy Foundation\",\"url\":\"https:\/\/chamandyfoundation.org\/\",\"logo\":{\"@type\":\"ImageObject\",\"inLanguage\":\"fr-FR\",\"@id\":\"https:\/\/chamandyfoundation.org\/#\/schema\/logo\/image\/\",\"url\":\"https:\/\/chamandyfoundation.org\/wp-content\/uploads\/2025\/06\/logo_color.png\",\"contentUrl\":\"https:\/\/chamandyfoundation.org\/wp-content\/uploads\/2025\/06\/logo_color.png\",\"width\":406,\"height\":99,\"caption\":\"Chamandy Foundation\"},\"image\":{\"@id\":\"https:\/\/chamandyfoundation.org\/#\/schema\/logo\/image\/\"}}]}<\/script>\n<!-- \/ Yoast SEO plugin. -->","yoast_head_json":{"title":"Reconnaissance territoriale | Chamandy Foundation","robots":{"index":"index","follow":"follow","max-snippet":"max-snippet:-1","max-image-preview":"max-image-preview:large","max-video-preview":"max-video-preview:-1"},"canonical":"https:\/\/chamandyfoundation.org\/fr\/reconnaissance-territoriale\/","og_locale":"fr_FR","og_type":"article","og_title":"Reconnaissance territoriale | Chamandy Foundation","og_description":"Fondation Chamandy est situ\u00e9e sur des terres autochtones non c\u00e9d\u00e9es, dont la Nation Kanien\u2019keh\u00e1:ka est reconnue comme la gardienne traditionnelle. Tiohti\u00e1:ke\/Montr\u00e9al a historiquement \u00e9t\u00e9 un lieu de rassemblement pour de nombreuses Premi\u00e8res Nations. Aujourd\u2019hui, elle accueille une population diversifi\u00e9e d\u2019Autochtones et d\u2019autres communaut\u00e9s. Nous nous engageons \u00e0 travailler quotidiennement pour les droits des peuples autochtones [&hellip;]","og_url":"https:\/\/chamandyfoundation.org\/fr\/reconnaissance-territoriale\/","og_site_name":"Chamandy Foundation","article_modified_time":"2025-09-15T19:29:10+00:00","og_image":[{"width":1200,"height":630,"url":"https:\/\/chamandyfoundation.org\/wp-content\/uploads\/2025\/09\/fondationcham.jpg","type":"image\/jpeg"}],"twitter_card":"summary_large_image","twitter_misc":{"Dur\u00e9e de lecture estim\u00e9e":"1 minute"},"schema":{"@context":"https:\/\/schema.org","@graph":[{"@type":"WebPage","@id":"https:\/\/chamandyfoundation.org\/fr\/reconnaissance-territoriale\/","url":"https:\/\/chamandyfoundation.org\/fr\/reconnaissance-territoriale\/","name":"Reconnaissance territoriale | Chamandy Foundation","isPartOf":{"@id":"https:\/\/chamandyfoundation.org\/#website"},"datePublished":"2025-06-14T01:55:15+00:00","dateModified":"2025-09-15T19:29:10+00:00","breadcrumb":{"@id":"https:\/\/chamandyfoundation.org\/fr\/reconnaissance-territoriale\/#breadcrumb"},"inLanguage":"fr-FR","potentialAction":[{"@type":"ReadAction","target":["https:\/\/chamandyfoundation.org\/fr\/reconnaissance-territoriale\/"]}]},{"@type":"BreadcrumbList","@id":"https:\/\/chamandyfoundation.org\/fr\/reconnaissance-territoriale\/#breadcrumb","itemListElement":[{"@type":"ListItem","position":1,"name":"Home","item":"https:\/\/chamandyfoundation.org\/fr\/"},{"@type":"ListItem","position":2,"name":"Reconnaissance territoriale"}]},{"@type":"WebSite","@id":"https:\/\/chamandyfoundation.org\/#website","url":"https:\/\/chamandyfoundation.org\/","name":"Chamandy Foundation","description":"Family foundation for children and youth","publisher":{"@id":"https:\/\/chamandyfoundation.org\/#organization"},"potentialAction":[{"@type":"SearchAction","target":{"@type":"EntryPoint","urlTemplate":"https:\/\/chamandyfoundation.org\/?s={search_term_string}"},"query-input":{"@type":"PropertyValueSpecification","valueRequired":true,"valueName":"search_term_string"}}],"inLanguage":"fr-FR"},{"@type":"Organization","@id":"https:\/\/chamandyfoundation.org\/#organization","name":"Chamandy Foundation","url":"https:\/\/chamandyfoundation.org\/","logo":{"@type":"ImageObject","inLanguage":"fr-FR","@id":"https:\/\/chamandyfoundation.org\/#\/schema\/logo\/image\/","url":"https:\/\/chamandyfoundation.org\/wp-content\/uploads\/2025\/06\/logo_color.png","contentUrl":"https:\/\/chamandyfoundation.org\/wp-content\/uploads\/2025\/06\/logo_color.png","width":406,"height":99,"caption":"Chamandy Foundation"},"image":{"@id":"https:\/\/chamandyfoundation.org\/#\/schema\/logo\/image\/"}}]}},"featured_image_src":null,"featured_image_src_square":null,"_links":{"self":[{"href":"https:\/\/chamandyfoundation.org\/fr\/wp-json\/wp\/v2\/pages\/706","targetHints":{"allow":["GET"]}}],"collection":[{"href":"https:\/\/chamandyfoundation.org\/fr\/wp-json\/wp\/v2\/pages"}],"about":[{"href":"https:\/\/chamandyfoundation.org\/fr\/wp-json\/wp\/v2\/types\/page"}],"author":[{"embeddable":true,"href":"https:\/\/chamandyfoundation.org\/fr\/wp-json\/wp\/v2\/users\/1"}],"replies":[{"embeddable":true,"href":"https:\/\/chamandyfoundation.org\/fr\/wp-json\/wp\/v2\/comments?post=706"}],"version-history":[{"count":0,"href":"https:\/\/chamandyfoundation.org\/fr\/wp-json\/wp\/v2\/pages\/706\/revisions"}],"wp:attachment":[{"href":"https:\/\/chamandyfoundation.org\/fr\/wp-json\/wp\/v2\/media?parent=706"}],"curies":[{"name":"wp","href":"https:\/\/api.w.org\/{rel}","templated":true}]}}